{"id":685,"date":"2020-02-27T09:35:27","date_gmt":"2020-02-27T14:35:27","guid":{"rendered":"https:\/\/radio100.moeb.ca\/stay-tuned\/"},"modified":"2023-01-10T11:27:29","modified_gmt":"2023-01-10T16:27:29","slug":"stay-tuned","status":"publish","type":"page","link":"https:\/\/radio100.moeb.ca\/en\/stay-tuned\/","title":{"rendered":"Stay Tuned"},"content":{"rendered":"\n\n<h2>Expo Radio Vintage [Postponed]<\/h2>\nDate: to be confirmed\nLocation: Centre commercial Domaine\nCategory: Temporary exhibit\nThe members of the Soci\u00e9t\u00e9 qu\u00e9b\u00e9coise de collectionneurs de radios anciens (SQCRA) celebrate the organization&#8217;s 25th anniversary by showcasing to the public beautiful pieces from their collections.\n<img decoding=\"async\" src=\"\/wp-content\/uploads\/2020\/02\/microphone-accueil.png\" alt=\"\" \/>\n\tWe invite you to regularly check this page for the best information regarding the status of our upcoming events.<br \/>\nThank you for your understanding.\n<p>The MOEB team<\/p>\n\n","protected":false},"excerpt":{"rendered":"<p>Expo Radio Vintage [Postponed] Date: to be confirmed Location: Centre commercial Domaine Category: Temporary exhibit The members of the Soci\u00e9t\u00e9 qu\u00e9b\u00e9coise de collectionneurs de radios anciens (SQCRA) celebrate the organization&#8217;s 25th anniversary by showcasing to the public beautiful pieces from their collections. We invite you to regularly check this page for the best information regarding [&hellip;]<\/p>\n","protected":false},"author":1,"featured_media":0,"parent":0,"menu_order":0,"comment_status":"closed","ping_status":"closed","template":"","meta":{"_acf_changed":false,"_genesis_hide_title":false,"_genesis_hide_breadcrumbs":false,"_genesis_hide_singular_image":false,"_genesis_hide_footer_widgets":false,"_genesis_custom_body_class":"","_genesis_custom_post_class":"","_genesis_layout":"","ngg_post_thumbnail":0,"footnotes":""},"class_list":{"0":"post-685","1":"page","2":"type-page","3":"status-publish","5":"entry"},"acf":[],"yoast_head":"<!-- This site is optimized with the Yoast SEO plugin v27.2 - https:\/\/yoast.com\/product\/yoast-seo-wordpress\/ -->\n<title>Stay Tuned - Centennial of broadcasting in Canada<\/title>\n<meta name=\"robots\" content=\"index, follow, max-snippet:-1, max-image-preview:large, max-video-preview:-1\" \/>\n<link rel=\"canonical\" href=\"https:\/\/radio100.moeb.ca\/en\/stay-tuned\/\" \/>\n<meta property=\"og:locale\" content=\"en_US\" \/>\n<meta property=\"og:type\" content=\"article\" \/>\n<meta property=\"og:title\" content=\"Stay Tuned - Centennial of broadcasting in Canada\" \/>\n<meta property=\"og:description\" content=\"Expo Radio Vintage [Postponed] Date: to be confirmed Location: Centre commercial Domaine Category: Temporary exhibit The members of the Soci\u00e9t\u00e9 qu\u00e9b\u00e9coise de collectionneurs de radios anciens (SQCRA) celebrate the organization&#8217;s 25th anniversary by showcasing to the public beautiful pieces from their collections. We invite you to regularly check this page for the best information regarding [&hellip;]\" \/>\n<meta property=\"og:url\" content=\"https:\/\/radio100.moeb.ca\/en\/stay-tuned\/\" \/>\n<meta property=\"og:site_name\" content=\"Centennial of broadcasting in Canada\" \/>\n<meta property=\"article:modified_time\" content=\"2023-01-10T16:27:29+00:00\" \/>\n<meta name=\"twitter:card\" content=\"summary_large_image\" \/>\n<script type=\"application\/ld+json\" class=\"yoast-schema-graph\">{\"@context\":\"https:\/\/schema.org\",\"@graph\":[{\"@type\":\"WebPage\",\"@id\":\"https:\/\/radio100.moeb.ca\/en\/stay-tuned\/\",\"url\":\"https:\/\/radio100.moeb.ca\/en\/stay-tuned\/\",\"name\":\"Stay Tuned - Centennial of broadcasting in Canada\",\"isPartOf\":{\"@id\":\"https:\/\/radio100.moeb.ca\/en\/#website\"},\"datePublished\":\"2020-02-27T14:35:27+00:00\",\"dateModified\":\"2023-01-10T16:27:29+00:00\",\"breadcrumb\":{\"@id\":\"https:\/\/radio100.moeb.ca\/en\/stay-tuned\/#breadcrumb\"},\"inLanguage\":\"en-US\",\"potentialAction\":[{\"@type\":\"ReadAction\",\"target\":[\"https:\/\/radio100.moeb.ca\/en\/stay-tuned\/\"]}]},{\"@type\":\"BreadcrumbList\",\"@id\":\"https:\/\/radio100.moeb.ca\/en\/stay-tuned\/#breadcrumb\",\"itemListElement\":[{\"@type\":\"ListItem\",\"position\":1,\"name\":\"Home\",\"item\":\"https:\/\/radio100.moeb.ca\/en\/\"},{\"@type\":\"ListItem\",\"position\":2,\"name\":\"Stay Tuned\"}]},{\"@type\":\"WebSite\",\"@id\":\"https:\/\/radio100.moeb.ca\/en\/#website\",\"url\":\"https:\/\/radio100.moeb.ca\/en\/\",\"name\":\"Centennial of broadcasting in Canada\",\"description\":\"\",\"potentialAction\":[{\"@type\":\"SearchAction\",\"target\":{\"@type\":\"EntryPoint\",\"urlTemplate\":\"https:\/\/radio100.moeb.ca\/en\/?s={search_term_string}\"},\"query-input\":{\"@type\":\"PropertyValueSpecification\",\"valueRequired\":true,\"valueName\":\"search_term_string\"}}],\"inLanguage\":\"en-US\"}]}<\/script>\n<!-- \/ Yoast SEO plugin. -->","yoast_head_json":{"title":"Stay Tuned - Centennial of broadcasting in Canada","robots":{"index":"index","follow":"follow","max-snippet":"max-snippet:-1","max-image-preview":"max-image-preview:large","max-video-preview":"max-video-preview:-1"},"canonical":"https:\/\/radio100.moeb.ca\/en\/stay-tuned\/","og_locale":"en_US","og_type":"article","og_title":"Stay Tuned - Centennial of broadcasting in Canada","og_description":"Expo Radio Vintage [Postponed] Date: to be confirmed Location: Centre commercial Domaine Category: Temporary exhibit The members of the Soci\u00e9t\u00e9 qu\u00e9b\u00e9coise de collectionneurs de radios anciens (SQCRA) celebrate the organization&#8217;s 25th anniversary by showcasing to the public beautiful pieces from their collections. We invite you to regularly check this page for the best information regarding [&hellip;]","og_url":"https:\/\/radio100.moeb.ca\/en\/stay-tuned\/","og_site_name":"Centennial of broadcasting in Canada","article_modified_time":"2023-01-10T16:27:29+00:00","twitter_card":"summary_large_image","schema":{"@context":"https:\/\/schema.org","@graph":[{"@type":"WebPage","@id":"https:\/\/radio100.moeb.ca\/en\/stay-tuned\/","url":"https:\/\/radio100.moeb.ca\/en\/stay-tuned\/","name":"Stay Tuned - Centennial of broadcasting in Canada","isPartOf":{"@id":"https:\/\/radio100.moeb.ca\/en\/#website"},"datePublished":"2020-02-27T14:35:27+00:00","dateModified":"2023-01-10T16:27:29+00:00","breadcrumb":{"@id":"https:\/\/radio100.moeb.ca\/en\/stay-tuned\/#breadcrumb"},"inLanguage":"en-US","potentialAction":[{"@type":"ReadAction","target":["https:\/\/radio100.moeb.ca\/en\/stay-tuned\/"]}]},{"@type":"BreadcrumbList","@id":"https:\/\/radio100.moeb.ca\/en\/stay-tuned\/#breadcrumb","itemListElement":[{"@type":"ListItem","position":1,"name":"Home","item":"https:\/\/radio100.moeb.ca\/en\/"},{"@type":"ListItem","position":2,"name":"Stay Tuned"}]},{"@type":"WebSite","@id":"https:\/\/radio100.moeb.ca\/en\/#website","url":"https:\/\/radio100.moeb.ca\/en\/","name":"Centennial of broadcasting in Canada","description":"","potentialAction":[{"@type":"SearchAction","target":{"@type":"EntryPoint","urlTemplate":"https:\/\/radio100.moeb.ca\/en\/?s={search_term_string}"},"query-input":{"@type":"PropertyValueSpecification","valueRequired":true,"valueName":"search_term_string"}}],"inLanguage":"en-US"}]}},"wpml_current_locale":"en_US","wpml_translations":[{"locale":"fr_FR","id":682,"post_title":"Restez \u00e0 l'\u00e9coute","href":"https:\/\/radio100.moeb.ca\/restez-a-lecoute\/","content":"\n\n<h2>Expo Radio Vintage [Report\u00e9]<\/h2>\nDate : \u00e0 confirme\nLieu : Centre commercial Domaine\nCat\u00e9gorie : Exposition temporaire\nLes membres de la Soci\u00e9t\u00e9 qu\u00e9b\u00e9coise des collectionneurs de radios anciens (SQCRA) c\u00e9l\u00e8brent le 25e anniversaire de leur association en exposant au public les plus belles pi\u00e8ces de leurs collections.\n<img decoding=\"async\" src=\"\/wp-content\/uploads\/2020\/02\/microphone-accueil.png\" alt=\"\" \/>\n\tNous vous invitons \u00e0 venir consulter r\u00e9guli\u00e8rement cette page pour avoir la meilleure information concernant le statut des \u00e9v\u00e9nements \u00e0 venir.<br \/>\nMerci de votre compr\u00e9hension.\n<p>L&#8217;\u00e9quipe du MOEB<\/p>\n\n","excerpt":"Expo Radio Vintage [Report\u00e9] Date : \u00e0 confirme Lieu : Centre commercial Domaine Cat\u00e9gorie : Exposition temporaire Les membres de la Soci\u00e9t\u00e9 qu\u00e9b\u00e9coise des collectionneurs de radios anciens (SQCRA) c\u00e9l\u00e8brent le 25e anniversaire de leur association en exposant au public les plus belles pi\u00e8ces de leurs collections. Nous vous invitons \u00e0 venir consulter r\u00e9guli\u00e8rement cette [&hellip;]","acf":false}],"_links":{"self":[{"href":"https:\/\/radio100.moeb.ca\/en\/wp-json\/wp\/v2\/pages\/685","targetHints":{"allow":["GET"]}}],"collection":[{"href":"https:\/\/radio100.moeb.ca\/en\/wp-json\/wp\/v2\/pages"}],"about":[{"href":"https:\/\/radio100.moeb.ca\/en\/wp-json\/wp\/v2\/types\/page"}],"author":[{"embeddable":true,"href":"https:\/\/radio100.moeb.ca\/en\/wp-json\/wp\/v2\/users\/1"}],"replies":[{"embeddable":true,"href":"https:\/\/radio100.moeb.ca\/en\/wp-json\/wp\/v2\/comments?post=685"}],"version-history":[{"count":0,"href":"https:\/\/radio100.moeb.ca\/en\/wp-json\/wp\/v2\/pages\/685\/revisions"}],"wp:attachment":[{"href":"https:\/\/radio100.moeb.ca\/en\/wp-json\/wp\/v2\/media?parent=685"}],"curies":[{"name":"wp","href":"https:\/\/api.w.org\/{rel}","templated":true}]}}