{"id":635,"date":"2020-01-16T08:57:07","date_gmt":"2020-01-16T13:57:07","guid":{"rendered":"https:\/\/radio100.moeb.ca\/explore\/"},"modified":"2024-11-24T07:34:16","modified_gmt":"2024-11-24T12:34:16","slug":"explore","status":"publish","type":"page","link":"https:\/\/radio100.moeb.ca\/en\/explore\/","title":{"rendered":"Explore"},"content":{"rendered":"\n\n\t<h2><a href=\"https:\/\/radio100.moeb.ca\/en\/visit\/\">Temporary exhibits<\/a><\/h2>\n<p>Continue exploring the temporary exhibits created for the centennial in the <a href=\"https:\/\/radio100.moeb.ca\/en\/visit\/\"><strong>Visit<\/strong><\/a> page.<\/p>\n\t<h2><a href=\"https:\/\/devel.moeb.ca\/?page_id=2512&amp;preview=true\">Broadcasting history<\/a><\/h2>\n<p>Canadian broadcasting in the 1940s:<\/p>\n<p><iframe src=\"https:\/\/www.onf.ca\/film\/voice-of-canada\/embed\/player\/\" width=\"560\" height=\"170\" frameborder=\"0\" allowfullscreen=\"allowfullscreen\"><\/iframe><\/p>\n\t\t\t<a href=\"https:\/\/radio100.moeb.ca\/en\/broadcasting-history-further-listening\/\" target=\"_self\">\n\t\t\t\t\t\tSee more\n\t\t\t\t\t<\/a>\n\t\t\t\t<a href=\"https:\/\/www.histoirecanada.ca\/prix\/prix-d-histoire-du-gouverneur-general\/anciens-laureats\/2020\/centenaire-de-la-radiodiffusion-au-canada\" target=\"_blank\" rel=\"noopener\"  itemprop=\"url\">\n\t\t\t\t<img decoding=\"async\" src=\"https:\/\/radio100.moeb.ca\/wp-content\/uploads\/2021\/01\/AwaGGLaurel.jpg\" alt=\"AwaGGLaurel\" itemprop=\"image\" height=\"511\" width=\"768\" title=\"AwaGGLaurel\" onerror=\"this.style.display='none'\"  \/>\n\t\t\t\t<\/a>\n\t<h2><a href=\"https:\/\/www.histoirecanada.ca\/prix\/prix-d-histoire-du-gouverneur-general\/anciens-laureats\/2020\/centenaire-de-la-radiodiffusion-au-canada\" target=\"_blank\" rel=\"noopener\">Laur\u00e9at du Prix d&#8217;histoire du Gouverneur g\u00e9n\u00e9ral 2020<\/a><\/h2>\n\n","protected":false},"excerpt":{"rendered":"<p>Temporary exhibits Continue exploring the temporary exhibits created for the centennial in the Visit page. Broadcasting history Canadian broadcasting in the 1940s: See more Laur\u00e9at du Prix d&#8217;histoire du Gouverneur g\u00e9n\u00e9ral 2020<\/p>\n","protected":false},"author":1,"featured_media":574,"parent":0,"menu_order":0,"comment_status":"closed","ping_status":"closed","template":"","meta":{"_acf_changed":false,"_genesis_hide_title":false,"_genesis_hide_breadcrumbs":false,"_genesis_hide_singular_image":false,"_genesis_hide_footer_widgets":false,"_genesis_custom_body_class":"","_genesis_custom_post_class":"","_genesis_layout":"","ngg_post_thumbnail":0,"footnotes":""},"class_list":{"0":"post-635","1":"page","2":"type-page","3":"status-publish","4":"has-post-thumbnail","6":"entry"},"acf":[],"yoast_head":"<!-- This site is optimized with the Yoast SEO plugin v27.2 - https:\/\/yoast.com\/product\/yoast-seo-wordpress\/ -->\n<title>Explore - Centennial of broadcasting in Canada<\/title>\n<meta name=\"robots\" content=\"index, follow, max-snippet:-1, max-image-preview:large, max-video-preview:-1\" \/>\n<link rel=\"canonical\" href=\"https:\/\/radio100.moeb.ca\/en\/explore\/\" \/>\n<meta property=\"og:locale\" content=\"en_US\" \/>\n<meta property=\"og:type\" content=\"article\" \/>\n<meta property=\"og:title\" content=\"Explore - Centennial of broadcasting in Canada\" \/>\n<meta property=\"og:description\" content=\"Temporary exhibits Continue exploring the temporary exhibits created for the centennial in the Visit page. Broadcasting history Canadian broadcasting in the 1940s: See more Laur\u00e9at du Prix d&#8217;histoire du Gouverneur g\u00e9n\u00e9ral 2020\" \/>\n<meta property=\"og:url\" content=\"https:\/\/radio100.moeb.ca\/en\/explore\/\" \/>\n<meta property=\"og:site_name\" content=\"Centennial of broadcasting in Canada\" \/>\n<meta property=\"article:modified_time\" content=\"2024-11-24T12:34:16+00:00\" \/>\n<meta property=\"og:image\" content=\"https:\/\/radio100.moeb.ca\/wp-content\/uploads\/2020\/01\/radio100-logo-fr-noir.jpg\" \/>\n\t<meta property=\"og:image:width\" content=\"1162\" \/>\n\t<meta property=\"og:image:height\" content=\"877\" \/>\n\t<meta property=\"og:image:type\" content=\"image\/jpeg\" \/>\n<meta name=\"twitter:card\" content=\"summary_large_image\" \/>\n<script type=\"application\/ld+json\" class=\"yoast-schema-graph\">{\"@context\":\"https:\/\/schema.org\",\"@graph\":[{\"@type\":\"WebPage\",\"@id\":\"https:\/\/radio100.moeb.ca\/en\/explore\/\",\"url\":\"https:\/\/radio100.moeb.ca\/en\/explore\/\",\"name\":\"Explore - Centennial of broadcasting in Canada\",\"isPartOf\":{\"@id\":\"https:\/\/radio100.moeb.ca\/en\/#website\"},\"primaryImageOfPage\":{\"@id\":\"https:\/\/radio100.moeb.ca\/en\/explore\/#primaryimage\"},\"image\":{\"@id\":\"https:\/\/radio100.moeb.ca\/en\/explore\/#primaryimage\"},\"thumbnailUrl\":\"https:\/\/radio100.moeb.ca\/wp-content\/uploads\/2020\/01\/radio100-logo-fr-noir.jpg\",\"datePublished\":\"2020-01-16T13:57:07+00:00\",\"dateModified\":\"2024-11-24T12:34:16+00:00\",\"breadcrumb\":{\"@id\":\"https:\/\/radio100.moeb.ca\/en\/explore\/#breadcrumb\"},\"inLanguage\":\"en-US\",\"potentialAction\":[{\"@type\":\"ReadAction\",\"target\":[\"https:\/\/radio100.moeb.ca\/en\/explore\/\"]}]},{\"@type\":\"ImageObject\",\"inLanguage\":\"en-US\",\"@id\":\"https:\/\/radio100.moeb.ca\/en\/explore\/#primaryimage\",\"url\":\"https:\/\/radio100.moeb.ca\/wp-content\/uploads\/2020\/01\/radio100-logo-fr-noir.jpg\",\"contentUrl\":\"https:\/\/radio100.moeb.ca\/wp-content\/uploads\/2020\/01\/radio100-logo-fr-noir.jpg\",\"width\":1162,\"height\":877},{\"@type\":\"BreadcrumbList\",\"@id\":\"https:\/\/radio100.moeb.ca\/en\/explore\/#breadcrumb\",\"itemListElement\":[{\"@type\":\"ListItem\",\"position\":1,\"name\":\"Home\",\"item\":\"https:\/\/radio100.moeb.ca\/en\/\"},{\"@type\":\"ListItem\",\"position\":2,\"name\":\"Explore\"}]},{\"@type\":\"WebSite\",\"@id\":\"https:\/\/radio100.moeb.ca\/en\/#website\",\"url\":\"https:\/\/radio100.moeb.ca\/en\/\",\"name\":\"Centennial of broadcasting in Canada\",\"description\":\"\",\"potentialAction\":[{\"@type\":\"SearchAction\",\"target\":{\"@type\":\"EntryPoint\",\"urlTemplate\":\"https:\/\/radio100.moeb.ca\/en\/?s={search_term_string}\"},\"query-input\":{\"@type\":\"PropertyValueSpecification\",\"valueRequired\":true,\"valueName\":\"search_term_string\"}}],\"inLanguage\":\"en-US\"}]}<\/script>\n<!-- \/ Yoast SEO plugin. -->","yoast_head_json":{"title":"Explore - Centennial of broadcasting in Canada","robots":{"index":"index","follow":"follow","max-snippet":"max-snippet:-1","max-image-preview":"max-image-preview:large","max-video-preview":"max-video-preview:-1"},"canonical":"https:\/\/radio100.moeb.ca\/en\/explore\/","og_locale":"en_US","og_type":"article","og_title":"Explore - Centennial of broadcasting in Canada","og_description":"Temporary exhibits Continue exploring the temporary exhibits created for the centennial in the Visit page. Broadcasting history Canadian broadcasting in the 1940s: See more Laur\u00e9at du Prix d&#8217;histoire du Gouverneur g\u00e9n\u00e9ral 2020","og_url":"https:\/\/radio100.moeb.ca\/en\/explore\/","og_site_name":"Centennial of broadcasting in Canada","article_modified_time":"2024-11-24T12:34:16+00:00","og_image":[{"width":1162,"height":877,"url":"https:\/\/radio100.moeb.ca\/wp-content\/uploads\/2020\/01\/radio100-logo-fr-noir.jpg","type":"image\/jpeg"}],"twitter_card":"summary_large_image","schema":{"@context":"https:\/\/schema.org","@graph":[{"@type":"WebPage","@id":"https:\/\/radio100.moeb.ca\/en\/explore\/","url":"https:\/\/radio100.moeb.ca\/en\/explore\/","name":"Explore - Centennial of broadcasting in Canada","isPartOf":{"@id":"https:\/\/radio100.moeb.ca\/en\/#website"},"primaryImageOfPage":{"@id":"https:\/\/radio100.moeb.ca\/en\/explore\/#primaryimage"},"image":{"@id":"https:\/\/radio100.moeb.ca\/en\/explore\/#primaryimage"},"thumbnailUrl":"https:\/\/radio100.moeb.ca\/wp-content\/uploads\/2020\/01\/radio100-logo-fr-noir.jpg","datePublished":"2020-01-16T13:57:07+00:00","dateModified":"2024-11-24T12:34:16+00:00","breadcrumb":{"@id":"https:\/\/radio100.moeb.ca\/en\/explore\/#breadcrumb"},"inLanguage":"en-US","potentialAction":[{"@type":"ReadAction","target":["https:\/\/radio100.moeb.ca\/en\/explore\/"]}]},{"@type":"ImageObject","inLanguage":"en-US","@id":"https:\/\/radio100.moeb.ca\/en\/explore\/#primaryimage","url":"https:\/\/radio100.moeb.ca\/wp-content\/uploads\/2020\/01\/radio100-logo-fr-noir.jpg","contentUrl":"https:\/\/radio100.moeb.ca\/wp-content\/uploads\/2020\/01\/radio100-logo-fr-noir.jpg","width":1162,"height":877},{"@type":"BreadcrumbList","@id":"https:\/\/radio100.moeb.ca\/en\/explore\/#breadcrumb","itemListElement":[{"@type":"ListItem","position":1,"name":"Home","item":"https:\/\/radio100.moeb.ca\/en\/"},{"@type":"ListItem","position":2,"name":"Explore"}]},{"@type":"WebSite","@id":"https:\/\/radio100.moeb.ca\/en\/#website","url":"https:\/\/radio100.moeb.ca\/en\/","name":"Centennial of broadcasting in Canada","description":"","potentialAction":[{"@type":"SearchAction","target":{"@type":"EntryPoint","urlTemplate":"https:\/\/radio100.moeb.ca\/en\/?s={search_term_string}"},"query-input":{"@type":"PropertyValueSpecification","valueRequired":true,"valueName":"search_term_string"}}],"inLanguage":"en-US"}]}},"wpml_current_locale":"en_US","wpml_translations":[{"locale":"fr_FR","id":243,"post_title":"Explorez","href":"https:\/\/radio100.moeb.ca\/explorez\/","content":"\n\n\t<h2><a href=\"https:\/\/radio100.moeb.ca\/visitez\/\">Les expositions temporaires<\/a><\/h2>\n<p>Continuez \u00e0 explorer les expositions temporaires cr\u00e9\u00e9es pour le centenaire dans la page <a href=\"https:\/\/radio100.moeb.ca\/visitez\/\"><strong>Visitez<\/strong><\/a>.<\/p>\n\t<h2><a href=\"https:\/\/radio100.moeb.ca\/?page_id=2512&amp;preview=true\">L&#8217;histoire de la radiodiffusion<\/a><\/h2>\n<p>Radiodiffusion canadienne dans les ann\u00e9es 1940:<\/p>\n\n\t\t\t<a href=\"https:\/\/radio100.moeb.ca\/?page_id=2512&#038;preview=true\" target=\"_self\" role=\"button\" rel=\"noopener\">\n\t\t\t\t\t\tVoir plus\n\t\t\t\t\t<\/a>\n\t\t\t\t<a href=\"https:\/\/www.histoirecanada.ca\/prix\/prix-d-histoire-du-gouverneur-general\/anciens-laureats\/2020\/centenaire-de-la-radiodiffusion-au-canada\" target=\"_blank\" rel=\"noopener\" itemprop=\"url\">\n\t\t\t\t<img decoding=\"async\" src=\"https:\/\/radio100.moeb.ca\/wp-content\/uploads\/2021\/01\/AwaGGLaurel.jpg\" alt=\"AwaGGLaurel\" itemprop=\"image\" height=\"511\" width=\"768\" title=\"AwaGGLaurel\" onerror=\"this.style.display='none'\"  \/>\n\t\t\t\t<\/a>\n\t<h2><a href=\"https:\/\/www.histoirecanada.ca\/prix\/prix-d-histoire-du-gouverneur-general\/anciens-laureats\/2020\/centenaire-de-la-radiodiffusion-au-canada\" target=\"_blank\" rel=\"noopener\">Laur\u00e9at du Prix d&#8217;histoire du Gouverneur g\u00e9n\u00e9ral 2020<\/a><\/h2>\n\n","excerpt":"Les expositions temporaires Continuez \u00e0 explorer les expositions temporaires cr\u00e9\u00e9es pour le centenaire dans la page Visitez. L&#8217;histoire de la radiodiffusion Radiodiffusion canadienne dans les ann\u00e9es 1940: Voir plus Laur\u00e9at du Prix d&#8217;histoire du Gouverneur g\u00e9n\u00e9ral 2020","acf":false}],"_links":{"self":[{"href":"https:\/\/radio100.moeb.ca\/en\/wp-json\/wp\/v2\/pages\/635","targetHints":{"allow":["GET"]}}],"collection":[{"href":"https:\/\/radio100.moeb.ca\/en\/wp-json\/wp\/v2\/pages"}],"about":[{"href":"https:\/\/radio100.moeb.ca\/en\/wp-json\/wp\/v2\/types\/page"}],"author":[{"embeddable":true,"href":"https:\/\/radio100.moeb.ca\/en\/wp-json\/wp\/v2\/users\/1"}],"replies":[{"embeddable":true,"href":"https:\/\/radio100.moeb.ca\/en\/wp-json\/wp\/v2\/comments?post=635"}],"version-history":[{"count":0,"href":"https:\/\/radio100.moeb.ca\/en\/wp-json\/wp\/v2\/pages\/635\/revisions"}],"wp:featuredmedia":[{"embeddable":true,"href":"https:\/\/radio100.moeb.ca\/en\/wp-json\/wp\/v2\/media\/574"}],"wp:attachment":[{"href":"https:\/\/radio100.moeb.ca\/en\/wp-json\/wp\/v2\/media?parent=635"}],"curies":[{"name":"wp","href":"https:\/\/api.w.org\/{rel}","templated":true}]}}