{"id":3332,"date":"2020-09-28T20:43:31","date_gmt":"2020-09-29T00:43:31","guid":{"rendered":"https:\/\/radio100.moeb.ca\/credits\/"},"modified":"2021-04-20T21:39:26","modified_gmt":"2021-04-21T01:39:26","slug":"credits","status":"publish","type":"page","link":"https:\/\/radio100.moeb.ca\/en\/credits\/","title":{"rendered":"Credits"},"content":{"rendered":"\n<h2>\n\t\tResearch and content supervisor\n\t<\/h2>\n\t<p>Alain Dufour<\/p>\n<h2>\n\t\tPlanning and research advisor\n\t<\/h2>\n\t<p>Denis Couillard<\/p>\n<h2>\n\t\tProject supervisor\n\t<\/h2>\n\t<p>Anja Borck<\/p>\n<h2>\n\t\tContent and layout manager\n\t<\/h2>\n\t<p>Mariana Mej\u00eda Ahrens<\/p>\n<h2>\n\t\tWebmaster\n\t<\/h2>\n\t<p>Les Productions Web LM<\/p>\n<h2>\n\t\tTimeline development\n\t<\/h2>\n\t<p>Groupe Toumoro<\/p>\n<h2>\n\t\tExhibition production\n\t<\/h2>\n\t<p>Adam van Sertima<\/p>\n<h2>\n\t\tVisual designers\n\t<\/h2>\n\t<p>Antoine Cloutier-B\u00e9lisle, Karine Chartrand, Martin Desrochers<\/p>\n<h2>\n\t\tVideo production\n\t<\/h2>\n\t<p>Kelsie Robson, Suzanne White (doublage)<\/p>\n<h2>\n\t\tText revision\n\t<\/h2>\n\t<p>Louise Cousineau, Robert Ronald<\/p>\n<h2>\n\t\tResearch contributors\n\t<\/h2>\n\t<p>Naim Batani, Marie-Eve Bilodeau, Jean-Guy Desch\u00eanes, David Dousset, Michel Forest, Ghyslain Gagnon, Tim Hewlings, Daniel Labelle, Jean-Jacques Laurin, Olivier Par\u00e9, Genevi\u00e8ve Rozon-Charbonneau, Serge Tatu, Marie Tremblay, Iuliana Maria Udrea\u00a0<\/p>\n<h2>\n\t\tCommunications and press contributors\n\t<\/h2>\n\t<p>Chantal Cantin, Chantal Crevier, Virginie Ferland, Andr\u00e9 Gauvreau, Sophie Larriv\u00e9e, St\u00e9phanie Sauv\u00e9, Annie Touchette<\/p>\n<h2>\n\t\tPlanning and coordination contributors\n\t<\/h2>\n\t<p>Yvon Asselin, Houman Behzadi, Michel Chabot, Catherine Charlebois, Royal Corriveau, Jean-Fan\u00e7ois Dub\u00e9,\u00a0 Patrick Dufresne, Tamara Filyavich, Viviane Lalande, Jos\u00e9e Lefebvre, Gaushika Mahadevan, Mus\u00e9e r\u00e9gional et des t\u00e9l\u00e9communications de Sutton, Louis Rastelli, Mariam Salaymeh, Claude Thibault, Tony Truglio, Kimberly White<\/p>\n<h2>\n\t\tTranslators\n\t<\/h2>\n\t<p>Gustave Arroyo, Daniel Barriere, Emily Smith<\/p>\n<h2>\n\t\tVolunteers and interns\n\t<\/h2>\n\t<p>Robert Adamczyk, Jean B\u00e9lisle, Charlotte Bisanz, Anthony Caporali, Marc Donato, Catherine Henderson, Daniel Labelle, Ken Lyons, Jean Marcotte, Maurice McDuff, Robert McDuff, Serge Morin, Laval Rhainds, Andy Stuhl, Pierre M. Valiquette<\/p>\n\n","protected":false},"excerpt":{"rendered":"<p>Research and content supervisor Alain Dufour Planning and research advisor Denis Couillard Project supervisor Anja Borck Content and layout manager Mariana Mej\u00eda Ahrens Webmaster Les Productions Web LM Timeline development Groupe Toumoro Exhibition production Adam van Sertima Visual designers Antoine Cloutier-B\u00e9lisle, Karine Chartrand, Martin Desrochers Video production Kelsie Robson, Suzanne White (doublage) Text revision Louise [&hellip;]<\/p>\n","protected":false},"author":3,"featured_media":0,"parent":0,"menu_order":0,"comment_status":"closed","ping_status":"closed","template":"","meta":{"_acf_changed":false,"_genesis_hide_title":false,"_genesis_hide_breadcrumbs":false,"_genesis_hide_singular_image":false,"_genesis_hide_footer_widgets":false,"_genesis_custom_body_class":"","_genesis_custom_post_class":"","_genesis_layout":"","ngg_post_thumbnail":0,"footnotes":""},"class_list":{"0":"post-3332","1":"page","2":"type-page","3":"status-publish","5":"entry"},"acf":[],"yoast_head":"<!-- This site is optimized with the Yoast SEO plugin v27.2 - https:\/\/yoast.com\/product\/yoast-seo-wordpress\/ -->\n<title>Credits - Centennial of broadcasting in Canada<\/title>\n<meta name=\"robots\" content=\"index, follow, max-snippet:-1, max-image-preview:large, max-video-preview:-1\" \/>\n<link rel=\"canonical\" href=\"https:\/\/radio100.moeb.ca\/en\/credits\/\" \/>\n<meta property=\"og:locale\" content=\"en_US\" \/>\n<meta property=\"og:type\" content=\"article\" \/>\n<meta property=\"og:title\" content=\"Credits - Centennial of broadcasting in Canada\" \/>\n<meta property=\"og:description\" content=\"Research and content supervisor Alain Dufour Planning and research advisor Denis Couillard Project supervisor Anja Borck Content and layout manager Mariana Mej\u00eda Ahrens Webmaster Les Productions Web LM Timeline development Groupe Toumoro Exhibition production Adam van Sertima Visual designers Antoine Cloutier-B\u00e9lisle, Karine Chartrand, Martin Desrochers Video production Kelsie Robson, Suzanne White (doublage) Text revision Louise [&hellip;]\" \/>\n<meta property=\"og:url\" content=\"https:\/\/radio100.moeb.ca\/en\/credits\/\" \/>\n<meta property=\"og:site_name\" content=\"Centennial of broadcasting in Canada\" \/>\n<meta property=\"article:modified_time\" content=\"2021-04-21T01:39:26+00:00\" \/>\n<meta name=\"twitter:card\" content=\"summary_large_image\" \/>\n<meta name=\"twitter:label1\" content=\"Est. reading time\" \/>\n\t<meta name=\"twitter:data1\" content=\"1 minute\" \/>\n<script type=\"application\/ld+json\" class=\"yoast-schema-graph\">{\"@context\":\"https:\/\/schema.org\",\"@graph\":[{\"@type\":\"WebPage\",\"@id\":\"https:\/\/radio100.moeb.ca\/en\/credits\/\",\"url\":\"https:\/\/radio100.moeb.ca\/en\/credits\/\",\"name\":\"Credits - Centennial of broadcasting in Canada\",\"isPartOf\":{\"@id\":\"https:\/\/radio100.moeb.ca\/en\/#website\"},\"datePublished\":\"2020-09-29T00:43:31+00:00\",\"dateModified\":\"2021-04-21T01:39:26+00:00\",\"breadcrumb\":{\"@id\":\"https:\/\/radio100.moeb.ca\/en\/credits\/#breadcrumb\"},\"inLanguage\":\"en-US\",\"potentialAction\":[{\"@type\":\"ReadAction\",\"target\":[\"https:\/\/radio100.moeb.ca\/en\/credits\/\"]}]},{\"@type\":\"BreadcrumbList\",\"@id\":\"https:\/\/radio100.moeb.ca\/en\/credits\/#breadcrumb\",\"itemListElement\":[{\"@type\":\"ListItem\",\"position\":1,\"name\":\"Home\",\"item\":\"https:\/\/radio100.moeb.ca\/en\/\"},{\"@type\":\"ListItem\",\"position\":2,\"name\":\"Credits\"}]},{\"@type\":\"WebSite\",\"@id\":\"https:\/\/radio100.moeb.ca\/en\/#website\",\"url\":\"https:\/\/radio100.moeb.ca\/en\/\",\"name\":\"Centennial of broadcasting in Canada\",\"description\":\"\",\"potentialAction\":[{\"@type\":\"SearchAction\",\"target\":{\"@type\":\"EntryPoint\",\"urlTemplate\":\"https:\/\/radio100.moeb.ca\/en\/?s={search_term_string}\"},\"query-input\":{\"@type\":\"PropertyValueSpecification\",\"valueRequired\":true,\"valueName\":\"search_term_string\"}}],\"inLanguage\":\"en-US\"}]}<\/script>\n<!-- \/ Yoast SEO plugin. -->","yoast_head_json":{"title":"Credits - Centennial of broadcasting in Canada","robots":{"index":"index","follow":"follow","max-snippet":"max-snippet:-1","max-image-preview":"max-image-preview:large","max-video-preview":"max-video-preview:-1"},"canonical":"https:\/\/radio100.moeb.ca\/en\/credits\/","og_locale":"en_US","og_type":"article","og_title":"Credits - Centennial of broadcasting in Canada","og_description":"Research and content supervisor Alain Dufour Planning and research advisor Denis Couillard Project supervisor Anja Borck Content and layout manager Mariana Mej\u00eda Ahrens Webmaster Les Productions Web LM Timeline development Groupe Toumoro Exhibition production Adam van Sertima Visual designers Antoine Cloutier-B\u00e9lisle, Karine Chartrand, Martin Desrochers Video production Kelsie Robson, Suzanne White (doublage) Text revision Louise [&hellip;]","og_url":"https:\/\/radio100.moeb.ca\/en\/credits\/","og_site_name":"Centennial of broadcasting in Canada","article_modified_time":"2021-04-21T01:39:26+00:00","twitter_card":"summary_large_image","twitter_misc":{"Est. reading time":"1 minute"},"schema":{"@context":"https:\/\/schema.org","@graph":[{"@type":"WebPage","@id":"https:\/\/radio100.moeb.ca\/en\/credits\/","url":"https:\/\/radio100.moeb.ca\/en\/credits\/","name":"Credits - Centennial of broadcasting in Canada","isPartOf":{"@id":"https:\/\/radio100.moeb.ca\/en\/#website"},"datePublished":"2020-09-29T00:43:31+00:00","dateModified":"2021-04-21T01:39:26+00:00","breadcrumb":{"@id":"https:\/\/radio100.moeb.ca\/en\/credits\/#breadcrumb"},"inLanguage":"en-US","potentialAction":[{"@type":"ReadAction","target":["https:\/\/radio100.moeb.ca\/en\/credits\/"]}]},{"@type":"BreadcrumbList","@id":"https:\/\/radio100.moeb.ca\/en\/credits\/#breadcrumb","itemListElement":[{"@type":"ListItem","position":1,"name":"Home","item":"https:\/\/radio100.moeb.ca\/en\/"},{"@type":"ListItem","position":2,"name":"Credits"}]},{"@type":"WebSite","@id":"https:\/\/radio100.moeb.ca\/en\/#website","url":"https:\/\/radio100.moeb.ca\/en\/","name":"Centennial of broadcasting in Canada","description":"","potentialAction":[{"@type":"SearchAction","target":{"@type":"EntryPoint","urlTemplate":"https:\/\/radio100.moeb.ca\/en\/?s={search_term_string}"},"query-input":{"@type":"PropertyValueSpecification","valueRequired":true,"valueName":"search_term_string"}}],"inLanguage":"en-US"}]}},"wpml_current_locale":"en_US","wpml_translations":[{"locale":"fr_FR","id":3328,"post_title":"Cr\u00e9dits","href":"https:\/\/radio100.moeb.ca\/credits\/","content":"\r\n<h2>\r\n\t\tSuperviseur de la recherche et du contenu\r\n\t<\/h2>\r\n\t<p>Alain Dufour<\/p>\r\n<h2>\r\n\t\tConseiller strat\u00e9gique et recherche\r\n\t<\/h2>\r\n\t<p>Denis Couillard<\/p>\r\n<h2>\r\n\t\tSuperviseur du projet\r\n\t<\/h2>\r\n\t<p>Anja Borck<\/p>\r\n<h2>\r\n\t\tGestionnaire du contenu et mise en page\r\n\t<\/h2>\r\n\t<p>Mariana Mej\u00eda Ahrens<\/p>\r\n<h2>\r\n\t\tAdministrateur web\r\n\t<\/h2>\r\n\t<p>Les Productions Web LM<\/p>\r\n<h2>\r\n\t\tDevelopment de la chronologie\r\n\t<\/h2>\r\n\t<p>Groupe Toumoro<\/p>\r\n<h2>\r\n\t\tProduction des expositions\r\n\t<\/h2>\r\n\t<p>Adam van Sertima<\/p>\r\n<h2>\r\n\t\tConcepteurs visuels\r\n\t<\/h2>\r\n\t<p>Antoine Cloutier-B\u00e9lisle, Karine Chartrand, Martin Desrochers<\/p>\r\n<h2>\r\n\t\tProduction vid\u00e9o\r\n\t<\/h2>\r\n\t<p>Kelsie Robson, Suzanne White (doublage)<\/p>\r\n<h2>\r\n\t\tR\u00e9vision de texte\r\n\t<\/h2>\r\n\t<p>Louise Cousineau, Robert Ronald<\/p>\r\n<h2>\r\n\t\tContributeurs de recherche\r\n\t<\/h2>\r\n\t<p>Naim Batani, Marie-Eve Bilodeau, Jean-Guy Desch\u00eanes, David Dousset, Michel Forest, Ghyslain Gagnon, Tim Hewlings, Daniel Labelle, Jean-Jacques Laurin, Olivier Par\u00e9, Genevi\u00e8ve Rozon-Charbonneau, Serge Tatu, Marie Tremblay, Iuliana Maria Udrea\u00a0<\/p>\r\n<h2>\r\n\t\tContributeurs de communications et relations de presse\r\n\t<\/h2>\r\n\t<p>Chantal Cantin, Chantal Crevier, Virginie Ferland, Andr\u00e9 Gauvreau, Sophie Larriv\u00e9e, St\u00e9phanie Sauv\u00e9, Annie Touchette<\/p>\r\n<h2>\r\n\t\tContributeurs de coordination et organisation\r\n\t<\/h2>\r\n\t<p>Yvon Asselin, Houman Behzadi, Michel Chabot, Catherine Charlebois, Royal Corriveau, Jean-Fan\u00e7ois Dub\u00e9,\u00a0 Patrick Dufresne, Tamara Filyavich, Viviane Lalande, Jos\u00e9e Lefebvre, Gaushika Mahadevan, Mus\u00e9e r\u00e9gional et des t\u00e9l\u00e9communications de Sutton, Louis Rastelli, Mariam Salaymeh, Claude Thibault, Tony Truglio, Kimberly White<\/p>\r\n<h2>\r\n\t\tTraducteurs\r\n\t<\/h2>\r\n\t<p>Gustave Arroyo, Daniel Barriere, Emily Smith<\/p>\r\n<h2>\r\n\t\tB\u00e9n\u00e9voles et stagiaires\r\n\t<\/h2>\r\n\t<p>Robert Adamczyk, Jean B\u00e9lisle, Charlotte Bisanz, Anthony Caporali, Marc Donato, Catherine Henderson, Daniel Labelle, Ken Lyons, Jean Marcotte, Maurice McDuff, Robert McDuff, Serge Morin, Laval Rhainds, Andy Stuhl, Pierre M. Valiquette<\/p>\r\n\r\n","excerpt":"Superviseur de la recherche et du contenu Alain Dufour Conseiller strat\u00e9gique et recherche Denis Couillard Superviseur du projet Anja Borck Gestionnaire du contenu et mise en page Mariana Mej\u00eda Ahrens Administrateur web Les Productions Web LM Development de la chronologie Groupe Toumoro Production des expositions Adam van Sertima Concepteurs visuels Antoine Cloutier-B\u00e9lisle, Karine Chartrand, Martin [&hellip;]","acf":false}],"_links":{"self":[{"href":"https:\/\/radio100.moeb.ca\/en\/wp-json\/wp\/v2\/pages\/3332","targetHints":{"allow":["GET"]}}],"collection":[{"href":"https:\/\/radio100.moeb.ca\/en\/wp-json\/wp\/v2\/pages"}],"about":[{"href":"https:\/\/radio100.moeb.ca\/en\/wp-json\/wp\/v2\/types\/page"}],"author":[{"embeddable":true,"href":"https:\/\/radio100.moeb.ca\/en\/wp-json\/wp\/v2\/users\/3"}],"replies":[{"embeddable":true,"href":"https:\/\/radio100.moeb.ca\/en\/wp-json\/wp\/v2\/comments?post=3332"}],"version-history":[{"count":0,"href":"https:\/\/radio100.moeb.ca\/en\/wp-json\/wp\/v2\/pages\/3332\/revisions"}],"wp:attachment":[{"href":"https:\/\/radio100.moeb.ca\/en\/wp-json\/wp\/v2\/media?parent=3332"}],"curies":[{"name":"wp","href":"https:\/\/api.w.org\/{rel}","templated":true}]}}