{"id":3325,"date":"2020-09-25T21:52:17","date_gmt":"2020-09-26T01:52:17","guid":{"rendered":"https:\/\/radio100.moeb.ca\/sitemap\/"},"modified":"2020-10-08T20:33:47","modified_gmt":"2020-10-09T00:33:47","slug":"sitemap","status":"publish","type":"page","link":"https:\/\/radio100.moeb.ca\/en\/sitemap\/","title":{"rendered":"Sitemap"},"content":{"rendered":"\n\t\t\t<a href=\"#\" id=\"fl-accordion--label-0\" tabindex=\"0\" aria-controls=\"fl-accordion--panel-0\">EXPLORE<\/a>\n\t\t\t\t\t\t\t<a href=\"#\" id=\"fl-accordion--icon-0\" tabindex=\"0\" aria-controls=\"fl-accordion--panel-0\"><i>Expand<\/i><\/a>\n\t\t<p>\u2022 <a href=\"https:\/\/radio100.moeb.ca\/en\/arsc-conference-2020\/\">ARSC Conference 2020<\/a><\/p>\n<p>\u2022 <a href=\"https:\/\/radio100.moeb.ca\/en\/broadcasting-history-further-listening\/?preview=true\">Broadcasting history<\/a><\/p>\n<p>\u2022 <a href=\"https:\/\/radio100.moeb.ca\/en\/centennial-of-canadian-radio-broadcasting\/\">Centennial of Canadian radio broadcasting<\/a><\/p>\n<p>\u2022 <a href=\"https:\/\/radio100.moeb.ca\/en\/heritage-trail\/\">Heritage trail: Montreal radio pioneers<\/a><\/p>\n<p>\u2022 <a href=\"https:\/\/radio100.moeb.ca\/en\/marconi-from-wireless-radio-to-artificial-intelligence\/\">Marconi: from wireless radio to artificial intelligence<\/a><\/p>\n<p>\u2022 <a href=\"https:\/\/radio100.moeb.ca\/en\/the-marvin-duchow-music-library-features-the-centennial\/\">McGill University\u2019s Marvin Duchow Music Library features the Centennial<\/a><\/p>\n<p>\u2022 <a href=\"https:\/\/radio100.moeb.ca\/en\/memoires-des-montrealais-montreal-a-century-of-radio\/\">M\u00e9moires des Montr\u00e9alais: Montreal, a century of radio <em>(French only)<\/em><\/a><\/p>\n<p>\u2022 <a href=\"https:\/\/radio100.moeb.ca\/en\/des-ondes-et-des-hommes\/\">Of waves and men: first Canadian radio emissions from Montreal in 1919<\/a><\/p>\n<p>\u2022 <a href=\"https:\/\/radio100.moeb.ca\/en\/radio100ckut-4\/\">Radio100@CKUT: Canadian radio pioneers<\/a><\/p>\n<p>\u2022 <a href=\"https:\/\/radio100.moeb.ca\/en\/radio100ckut-1\/\">Radio100@CKUT: Celebrating 100 years of radio<\/a><\/p>\n<p>\u2022 <a href=\"https:\/\/radio100.moeb.ca\/en\/radio100ckut-3\/\">Radio100@CKUT: Heard it on the radio<\/a><\/p>\n<p>\u2022 <a href=\"https:\/\/radio100.moeb.ca\/en\/radio100ckut-2\/\">Radio100@CKUT: Women in radio<\/a><\/p>\n<p>\u2022 <a href=\"https:\/\/radio100.moeb.ca\/en\/rex-battle-at-the-mount-royal-hotel-in-1924\/\">Rex Battle at the Mount Royal Hotel in 1924<\/a><\/p>\n\t\t\t<a href=\"#\" id=\"fl-accordion--label-0\" tabindex=\"0\" aria-controls=\"fl-accordion--panel-0\">VISIT<\/a>\n\t\t\t\t\t\t\t<a href=\"#\" id=\"fl-accordion--icon-0\" tabindex=\"0\" aria-controls=\"fl-accordion--panel-0\"><i>Expand<\/i><\/a>\n\t\t<p>\u2022 <a href=\"https:\/\/radio100.moeb.ca\/en\/100-years-of-radio-broadcasting-in-montreal\/\">100 years of radio broadcasting in Montreal<\/a><\/p>\n<p>\u2022 <a href=\"https:\/\/radio100.moeb.ca\/en\/radio-broadcasting-100-years-of-history-and-technology\/\">Radio broadcasting: 100 years of history and technology<\/a><\/p>\n<p>\u2022 <a href=\"https:\/\/radio100.moeb.ca\/en\/radio-and-performing-arts\/\">Radio and the performing arts<\/a><\/p>\n\t\t\t<a href=\"#\" id=\"fl-accordion--label-0\" tabindex=\"0\" aria-controls=\"fl-accordion--panel-0\">STAY TUNED<\/a>\n\t\t\t\t\t\t\t<a href=\"#\" id=\"fl-accordion--icon-0\" tabindex=\"0\" aria-controls=\"fl-accordion--panel-0\"><i>Expand<\/i><\/a>\n","protected":false},"excerpt":{"rendered":"<p>EXPLORE Expand \u2022 ARSC Conference 2020 \u2022 Broadcasting history \u2022 Centennial of Canadian radio broadcasting \u2022 Heritage trail: Montreal radio pioneers \u2022 Marconi: from wireless radio to artificial intelligence \u2022 McGill University\u2019s Marvin Duchow Music Library features the Centennial \u2022 M\u00e9moires des Montr\u00e9alais: Montreal, a century of radio (French only) \u2022 Of waves and men: [&hellip;]<\/p>\n","protected":false},"author":3,"featured_media":0,"parent":0,"menu_order":0,"comment_status":"closed","ping_status":"closed","template":"","meta":{"_acf_changed":false,"_genesis_hide_title":false,"_genesis_hide_breadcrumbs":false,"_genesis_hide_singular_image":false,"_genesis_hide_footer_widgets":false,"_genesis_custom_body_class":"","_genesis_custom_post_class":"","_genesis_layout":"","ngg_post_thumbnail":0,"footnotes":""},"class_list":{"0":"post-3325","1":"page","2":"type-page","3":"status-publish","5":"entry"},"acf":[],"yoast_head":"<!-- This site is optimized with the Yoast SEO plugin v27.2 - https:\/\/yoast.com\/product\/yoast-seo-wordpress\/ -->\n<title>Sitemap - Centennial of broadcasting in Canada<\/title>\n<meta name=\"robots\" content=\"index, follow, max-snippet:-1, max-image-preview:large, max-video-preview:-1\" \/>\n<link rel=\"canonical\" href=\"https:\/\/radio100.moeb.ca\/en\/sitemap\/\" \/>\n<meta property=\"og:locale\" content=\"en_US\" \/>\n<meta property=\"og:type\" content=\"article\" \/>\n<meta property=\"og:title\" content=\"Sitemap - Centennial of broadcasting in Canada\" \/>\n<meta property=\"og:description\" content=\"EXPLORE Expand \u2022 ARSC Conference 2020 \u2022 Broadcasting history \u2022 Centennial of Canadian radio broadcasting \u2022 Heritage trail: Montreal radio pioneers \u2022 Marconi: from wireless radio to artificial intelligence \u2022 McGill University\u2019s Marvin Duchow Music Library features the Centennial \u2022 M\u00e9moires des Montr\u00e9alais: Montreal, a century of radio (French only) \u2022 Of waves and men: [&hellip;]\" \/>\n<meta property=\"og:url\" content=\"https:\/\/radio100.moeb.ca\/en\/sitemap\/\" \/>\n<meta property=\"og:site_name\" content=\"Centennial of broadcasting in Canada\" \/>\n<meta property=\"article:modified_time\" content=\"2020-10-09T00:33:47+00:00\" \/>\n<meta name=\"twitter:card\" content=\"summary_large_image\" \/>\n<meta name=\"twitter:label1\" content=\"Est. reading time\" \/>\n\t<meta name=\"twitter:data1\" content=\"1 minute\" \/>\n<script type=\"application\/ld+json\" class=\"yoast-schema-graph\">{\"@context\":\"https:\/\/schema.org\",\"@graph\":[{\"@type\":\"WebPage\",\"@id\":\"https:\/\/radio100.moeb.ca\/en\/sitemap\/\",\"url\":\"https:\/\/radio100.moeb.ca\/en\/sitemap\/\",\"name\":\"Sitemap - Centennial of broadcasting in Canada\",\"isPartOf\":{\"@id\":\"https:\/\/radio100.moeb.ca\/en\/#website\"},\"datePublished\":\"2020-09-26T01:52:17+00:00\",\"dateModified\":\"2020-10-09T00:33:47+00:00\",\"breadcrumb\":{\"@id\":\"https:\/\/radio100.moeb.ca\/en\/sitemap\/#breadcrumb\"},\"inLanguage\":\"en-US\",\"potentialAction\":[{\"@type\":\"ReadAction\",\"target\":[\"https:\/\/radio100.moeb.ca\/en\/sitemap\/\"]}]},{\"@type\":\"BreadcrumbList\",\"@id\":\"https:\/\/radio100.moeb.ca\/en\/sitemap\/#breadcrumb\",\"itemListElement\":[{\"@type\":\"ListItem\",\"position\":1,\"name\":\"Home\",\"item\":\"https:\/\/radio100.moeb.ca\/en\/\"},{\"@type\":\"ListItem\",\"position\":2,\"name\":\"Sitemap\"}]},{\"@type\":\"WebSite\",\"@id\":\"https:\/\/radio100.moeb.ca\/en\/#website\",\"url\":\"https:\/\/radio100.moeb.ca\/en\/\",\"name\":\"Centennial of broadcasting in Canada\",\"description\":\"\",\"potentialAction\":[{\"@type\":\"SearchAction\",\"target\":{\"@type\":\"EntryPoint\",\"urlTemplate\":\"https:\/\/radio100.moeb.ca\/en\/?s={search_term_string}\"},\"query-input\":{\"@type\":\"PropertyValueSpecification\",\"valueRequired\":true,\"valueName\":\"search_term_string\"}}],\"inLanguage\":\"en-US\"}]}<\/script>\n<!-- \/ Yoast SEO plugin. -->","yoast_head_json":{"title":"Sitemap - Centennial of broadcasting in Canada","robots":{"index":"index","follow":"follow","max-snippet":"max-snippet:-1","max-image-preview":"max-image-preview:large","max-video-preview":"max-video-preview:-1"},"canonical":"https:\/\/radio100.moeb.ca\/en\/sitemap\/","og_locale":"en_US","og_type":"article","og_title":"Sitemap - Centennial of broadcasting in Canada","og_description":"EXPLORE Expand \u2022 ARSC Conference 2020 \u2022 Broadcasting history \u2022 Centennial of Canadian radio broadcasting \u2022 Heritage trail: Montreal radio pioneers \u2022 Marconi: from wireless radio to artificial intelligence \u2022 McGill University\u2019s Marvin Duchow Music Library features the Centennial \u2022 M\u00e9moires des Montr\u00e9alais: Montreal, a century of radio (French only) \u2022 Of waves and men: [&hellip;]","og_url":"https:\/\/radio100.moeb.ca\/en\/sitemap\/","og_site_name":"Centennial of broadcasting in Canada","article_modified_time":"2020-10-09T00:33:47+00:00","twitter_card":"summary_large_image","twitter_misc":{"Est. reading time":"1 minute"},"schema":{"@context":"https:\/\/schema.org","@graph":[{"@type":"WebPage","@id":"https:\/\/radio100.moeb.ca\/en\/sitemap\/","url":"https:\/\/radio100.moeb.ca\/en\/sitemap\/","name":"Sitemap - Centennial of broadcasting in Canada","isPartOf":{"@id":"https:\/\/radio100.moeb.ca\/en\/#website"},"datePublished":"2020-09-26T01:52:17+00:00","dateModified":"2020-10-09T00:33:47+00:00","breadcrumb":{"@id":"https:\/\/radio100.moeb.ca\/en\/sitemap\/#breadcrumb"},"inLanguage":"en-US","potentialAction":[{"@type":"ReadAction","target":["https:\/\/radio100.moeb.ca\/en\/sitemap\/"]}]},{"@type":"BreadcrumbList","@id":"https:\/\/radio100.moeb.ca\/en\/sitemap\/#breadcrumb","itemListElement":[{"@type":"ListItem","position":1,"name":"Home","item":"https:\/\/radio100.moeb.ca\/en\/"},{"@type":"ListItem","position":2,"name":"Sitemap"}]},{"@type":"WebSite","@id":"https:\/\/radio100.moeb.ca\/en\/#website","url":"https:\/\/radio100.moeb.ca\/en\/","name":"Centennial of broadcasting in Canada","description":"","potentialAction":[{"@type":"SearchAction","target":{"@type":"EntryPoint","urlTemplate":"https:\/\/radio100.moeb.ca\/en\/?s={search_term_string}"},"query-input":{"@type":"PropertyValueSpecification","valueRequired":true,"valueName":"search_term_string"}}],"inLanguage":"en-US"}]}},"wpml_current_locale":"en_US","wpml_translations":[{"locale":"fr_FR","id":3322,"post_title":"Plan du site","href":"https:\/\/radio100.moeb.ca\/plan-du-site\/","content":"\n\t\t\t<a href=\"#\" id=\"fl-accordion--label-0\" tabindex=\"0\" aria-controls=\"fl-accordion--panel-0\">EXPLOREZ<\/a>\n\t\t\t\t\t\t\t<a href=\"#\" id=\"fl-accordion--icon-0\" tabindex=\"0\" aria-controls=\"fl-accordion--panel-0\"><i>Expand<\/i><\/a>\n\t\t<p>\u2022 <a href=\"https:\/\/radio100.moeb.ca\/des-ondes-et-des-hommes\/\">Des ondes et des hommes: Les premi\u00e8res radiodiffusions du Canada \u00e0 Montr\u00e9al en 1919<\/a><\/p>\n<p>\u2022 <a href=\"https:\/\/radio100.moeb.ca\/centenaire-de-la-radiodiffusion-canadienne\/\">Centenaire de la radiodiffusion canadienne<\/a><\/p>\n<p>\u2022 <a href=\"https:\/\/radio100.moeb.ca\/congres-arsc-2020\/\">Congr\u00e8s ARSC 2020<\/a><\/p>\n<p>\u2022 <a href=\"https:\/\/radio100.moeb.ca\/le-centenaire-presente-par-la-bibliotheque-de-musique-marvin-duchow\/\">Le centenaire pr\u00e9sent\u00e9 par la biblioth\u00e8que de musique Marvin Duchow de l\u2019Universit\u00e9 McGill<\/a><\/p>\n<p>\u2022 <a href=\"https:\/\/radio100.moeb.ca\/?page_id=2512&amp;preview=true\">L&#8217;histoire de la radiodiffusion<\/a><\/p>\n<p>\u2022 <a href=\"https:\/\/radio100.moeb.ca\/de-la-radio-sans-fil-a-lintelligence-artificielle-un-parcours-marque-par-loeuvre-de-marconi\/\">Marconi: de la radio sans fil \u00e0 l\u2019intelligence artificielle<\/a><\/p>\n<p>\u2022 <a href=\"https:\/\/radio100.moeb.ca\/memoires-des-montrealais\/\">M\u00e9moires des Montr\u00e9alais: Montr\u00e9al, un si\u00e8cle radiophonique<\/a><\/p>\n<p>\u2022 <a href=\"https:\/\/radio100.moeb.ca\/parcours-patrimonial\/\">Parcours patrimonial: Des pionniers de la radiodiffusion \u00e0 Montr\u00e9al<\/a><\/p>\n<p>\u2022 <a href=\"https:\/\/radio100.moeb.ca\/radio100ckut-1\/\">Radio100@CKUT: C\u00e9l\u00e9brons 100 ans de la radio<\/a><\/p>\n<p>\u2022 <a href=\"https:\/\/radio100.moeb.ca\/radio100ckut-2\/\">Radio100@CKUT: Femmes \u00e0 la radio<\/a><\/p>\n<p>\u2022 <a href=\"https:\/\/radio100.moeb.ca\/radio100ckut-3\/\">Radio100@CKUT: Je l\u2019ai entendu \u00e0 la radio<\/a><\/p>\n<p>\u2022 <a href=\"https:\/\/radio100.moeb.ca\/radio100ckut-4\/\">Radio100@CKUT: Pionniers de la radio canadienne<\/a><\/p>\n<p>\u2022 <a href=\"https:\/\/radio100.moeb.ca\/rex-battle-a-lhotel-mont-royal\/\">Rex Battle \u00e0 l\u2019h\u00f4tel Mont-Royal en 1924<\/a><\/p>\n\t\t\t<a href=\"#\" id=\"fl-accordion--label-0\" tabindex=\"0\" aria-controls=\"fl-accordion--panel-0\">VISITEZ<\/a>\n\t\t\t\t\t\t\t<a href=\"#\" id=\"fl-accordion--icon-0\" tabindex=\"0\" aria-controls=\"fl-accordion--panel-0\"><i>Expand<\/i><\/a>\n\t\t<p>\u2022 <a href=\"https:\/\/radio100.moeb.ca\/100-ans-de-radiodiffusion-a-montreal\/\">100 ans de radiodiffusion \u00e0 Montr\u00e9al<\/a><\/p>\n<p>\u2022 <a href=\"https:\/\/radio100.moeb.ca\/la-radiodiffusion-100-ans-dhistoire-et-de-technologies\/\">La radiodiffusion: 100 ans d\u2019histoire et de technologies<\/a><\/p>\n<p>\u2022 <a href=\"https:\/\/radio100.moeb.ca\/arts-de-la-scene\/\">Radio et les arts de la sc\u00e8ne<\/a><\/p>\n\t\t\t<a href=\"#\" id=\"fl-accordion--label-0\" tabindex=\"0\" aria-controls=\"fl-accordion--panel-0\">RESTEZ \u00c0 L&#8217;\u00c9COUTE<\/a>\n\t\t\t\t\t\t\t<a href=\"#\" id=\"fl-accordion--icon-0\" tabindex=\"0\" aria-controls=\"fl-accordion--panel-0\"><i>Expand<\/i><\/a>\n","excerpt":"EXPLOREZ Expand \u2022 Des ondes et des hommes: Les premi\u00e8res radiodiffusions du Canada \u00e0 Montr\u00e9al en 1919 \u2022 Centenaire de la radiodiffusion canadienne \u2022 Congr\u00e8s ARSC 2020 \u2022 Le centenaire pr\u00e9sent\u00e9 par la biblioth\u00e8que de musique Marvin Duchow de l\u2019Universit\u00e9 McGill \u2022 L&#8217;histoire de la radiodiffusion \u2022 Marconi: de la radio sans fil \u00e0 l\u2019intelligence [&hellip;]","acf":false}],"_links":{"self":[{"href":"https:\/\/radio100.moeb.ca\/en\/wp-json\/wp\/v2\/pages\/3325","targetHints":{"allow":["GET"]}}],"collection":[{"href":"https:\/\/radio100.moeb.ca\/en\/wp-json\/wp\/v2\/pages"}],"about":[{"href":"https:\/\/radio100.moeb.ca\/en\/wp-json\/wp\/v2\/types\/page"}],"author":[{"embeddable":true,"href":"https:\/\/radio100.moeb.ca\/en\/wp-json\/wp\/v2\/users\/3"}],"replies":[{"embeddable":true,"href":"https:\/\/radio100.moeb.ca\/en\/wp-json\/wp\/v2\/comments?post=3325"}],"version-history":[{"count":0,"href":"https:\/\/radio100.moeb.ca\/en\/wp-json\/wp\/v2\/pages\/3325\/revisions"}],"wp:attachment":[{"href":"https:\/\/radio100.moeb.ca\/en\/wp-json\/wp\/v2\/media?parent=3325"}],"curies":[{"name":"wp","href":"https:\/\/api.w.org\/{rel}","templated":true}]}}