{"id":225,"date":"2020-01-15T09:23:11","date_gmt":"2020-01-15T14:23:11","guid":{"rendered":"https:\/\/radio100.moeb.ca\/home\/"},"modified":"2021-01-26T16:16:05","modified_gmt":"2021-01-26T21:16:05","slug":"home","status":"publish","type":"page","link":"https:\/\/radio100.moeb.ca\/en\/","title":{"rendered":"Home"},"content":{"rendered":"\n\n\t<img decoding=\"async\" src=\"https:\/\/radio100.moeb.ca\/wp-content\/uploads\/2020\/02\/microphone-accueil.png\" alt=\"Microphone\" width=\"420\" height=\"400\" \/>\n<div style=\"width: 640px;\" class=\"wp-video\"><video class=\"wp-video-shortcode\" id=\"video-225-1\" width=\"640\" height=\"360\" preload=\"metadata\" controls=\"controls\"><source type=\"video\/mp4\" src=\"https:\/\/radio100.moeb.ca\/wp-content\/uploads\/2021\/01\/MOEB-Video-EN-V6.1m.mp4?_=1\" \/><a href=\"https:\/\/radio100.moeb.ca\/wp-content\/uploads\/2021\/01\/MOEB-Video-EN-V6.1m.mp4\">https:\/\/radio100.moeb.ca\/wp-content\/uploads\/2021\/01\/MOEB-Video-EN-V6.1m.mp4<\/a><\/video><\/div>\n<p>The year 2020 marked the 100th anniversary of radio broadcasting in Canada. To celebrate this historic event, the Mus\u00e9e des ondes Emile Berliner and the Soci\u00e9t\u00e9 Qu\u00e9b\u00e9coise des Collectionneurs de Radios Anciens (SQCRA) joined forces and co-organized the Centennial of Broadcasting in Canada.The Centennial took place over a whole year. Between November 2019 and December 2020, we presented exhibits, conferences, radio programs and web content on the history of Canadian broadcasting through the commitment and financial support of many generous partners. The MOEB quickly adapted to the constraints of the Covid-19 pandemic by re-scheduling and transforming its activities for a web based experience. Due\u00a0 to its innovation and the collaborative and educational aspects of these activities, the Mus\u00e9e des ondes Emile Berliner was a recipient of the <strong><a href=\"https:\/\/www.canadashistory.ca\/awards\/governor-general-s-history-awards\/award-recipients\/2020\/centennial-of-broadcasting-in-canada\" target=\"_blank\" rel=\"noopener\">2020 Governor General&#8217;s History Awards<\/a><\/strong>.<\/p>\n<p>We hope you find this site useful as an exploration tool to browse through the history of radio. Stay tuned for events coming up in 2021!<\/p>\n\t<h3><a href=\"\/en\/explore\/\">Explore<\/a><\/h3>\n<p>Continue to learn about the impact of radio in the last century through multimedia collaborations between Centennial partners.<\/p>\n\t<h3><a href=\"\/en\/visit\/\">Visit<\/a><\/h3>\n<p>Enjoy your visit of our virtual exhibits or come in person to celebrate the Centennial of Broadcast in Canada.<\/p>\n\t<h3><a href=\"\/en\/stay-tuned\/\">Stay Tuned<\/a><\/h3>\n<p>Reserve the date! Discover our events and exhibitions to come during the celebration.<\/p>\n\t<h2>Partners<\/h2>\n\t\t\t\t<img decoding=\"async\" src=\"https:\/\/radio100.moeb.ca\/wp-content\/uploads\/2020\/03\/Logo-MOEB.png\" alt=\"MOEB logo\" itemprop=\"image\" height=\"644\" width=\"1188\" title=\"Logo MOEB\" onerror=\"this.style.display='none'\"  \/>\n\t<p>Open to the public since 1996, the Mus\u00e9e des ondes Emile Berliner is dedicated to the role of Montreal in the history of the creation, capture, and diffusion of sound waves. The MOEB is the only Canadian institution dedicated to the preservation of sound technology heritage. With its collection, the museum showcases the rich industrial heritage of Saint-Henri, and the impact of Canadian innovations in global media and telecommunication development.<\/p>\n\t<p>The Soci\u00e9t\u00e9 qu\u00e9b\u00e9coise des collectionneurs de radios anciens (SQCRA) was founded in 1995 with the mission to preserve the history of radio, supported by manufacturing processes as well as the preservation of radio devices. The SQCRA is a non profit organization run by volunteers who put together the publication Radiophilie, organize workshops and update the content of the association&#8217;s website and Facebook page. The organization favors mutual help in restoring radios from member collections.<\/p>\n\t\t\t\t<img decoding=\"async\" src=\"https:\/\/radio100.moeb.ca\/wp-content\/uploads\/2020\/03\/SQCRA_LOGO-Couleur-8x8-1.jpg\" alt=\"SQCRA_LOGO Couleur 8x8\" itemprop=\"image\" height=\"768\" width=\"768\" title=\"SQCRA_LOGO Couleur 8x8\" onerror=\"this.style.display='none'\"  \/>\n\t\t\t\t<a href=\"https:\/\/www.canada.ca\/en.html\" target=\"_blank\" rel=\"noopener\" itemprop=\"url\">\n\t\t\t\t<img decoding=\"async\" src=\"https:\/\/radio100.moeb.ca\/wp-content\/uploads\/2019\/11\/logo-canada-1.jpg\" alt=\"logo-canada\" itemprop=\"image\" height=\"98\" width=\"151\" title=\"logo-canada\" onerror=\"this.style.display='none'\"  \/>\n\t\t\t\t<\/a>\n\t\t\t\t<a href=\"https:\/\/montreal.ca\/\" target=\"_blank\" rel=\"noopener\" itemprop=\"url\">\n\t\t\t\t<img decoding=\"async\" src=\"https:\/\/radio100.moeb.ca\/wp-content\/uploads\/2019\/11\/logo-montreal.jpg\" alt=\"logo-montreal\" itemprop=\"image\" height=\"98\" width=\"209\" title=\"logo-montreal\" onerror=\"this.style.display='none'\"  \/>\n\t\t\t\t<\/a>\n\t\t\t\t<a href=\"https:\/\/montreal.ca\/le-sud-ouest\" target=\"_blank\" rel=\"noopener\" itemprop=\"url\">\n\t\t\t\t<img decoding=\"async\" src=\"https:\/\/radio100.moeb.ca\/wp-content\/uploads\/2019\/11\/logo-so-montreal-1.jpg\" alt=\"logo-so-montreal\" itemprop=\"image\" height=\"98\" width=\"205\" title=\"logo-so-montreal\" onerror=\"this.style.display='none'\"  \/>\n\t\t\t\t<\/a>\n\t\t\t\t<a href=\"https:\/\/www.polymtl.ca\/\" target=\"_blank\" rel=\"noopener\" itemprop=\"url\">\n\t\t\t\t<img decoding=\"async\" src=\"https:\/\/radio100.moeb.ca\/wp-content\/uploads\/2019\/11\/logo-polytechnique.jpg\" alt=\"Polytechnique Montr\u00e9al\" itemprop=\"image\" height=\"106\" width=\"219\" title=\"logo-polytechnique\" onerror=\"this.style.display='none'\"  \/>\n\t\t\t\t<\/a>\n\t\t\t\t<a href=\"https:\/\/www.etsmtl.ca\/\" target=\"_blank\" rel=\"noopener\" itemprop=\"url\">\n\t\t\t\t<img decoding=\"async\" src=\"https:\/\/radio100.moeb.ca\/wp-content\/uploads\/2019\/11\/logo-ets.jpg\" alt=\"ETS\" itemprop=\"image\" height=\"106\" width=\"125\" title=\"logo-ets\" onerror=\"this.style.display='none'\"  \/>\n\t\t\t\t<\/a>\n\t\t\t\t<a href=\"https:\/\/ville.montreal.qc.ca\/memoiresdesmontrealais\/node\/696\" target=\"_blank\" rel=\"noopener\" itemprop=\"url\">\n\t\t\t\t<img decoding=\"async\" src=\"https:\/\/radio100.moeb.ca\/wp-content\/uploads\/2019\/11\/logo-chm.jpg\" alt=\"CHM\" itemprop=\"image\" height=\"106\" width=\"121\" title=\"logo-chm\" onerror=\"this.style.display='none'\"  \/>\n\t\t\t\t<\/a>\n\t\t\t\t<a href=\"https:\/\/www.alliedreit.com\/\" target=\"_blank\" rel=\"noopener\" itemprop=\"url\">\n\t\t\t\t<img decoding=\"async\" src=\"https:\/\/radio100.moeb.ca\/wp-content\/uploads\/2019\/11\/logo-allied.jpg\" alt=\"Allied\" itemprop=\"image\" height=\"106\" width=\"207\" title=\"logo-allied\" onerror=\"this.style.display='none'\"  \/>\n\t\t\t\t<\/a>\n\t\t\t\t<a href=\"https:\/\/www.desjardins.com\/ca\/index.jsp\" target=\"_blank\" rel=\"noopener\" itemprop=\"url\">\n\t\t\t\t<img decoding=\"async\" src=\"https:\/\/radio100.moeb.ca\/wp-content\/uploads\/2019\/11\/logo-desjardins-300x88.jpg\" alt=\"Desjardins logo\" itemprop=\"image\" height=\"88\" width=\"300\" title=\"logo-desjardins\" onerror=\"this.style.display='none'\"  \/>\n\t\t\t\t<\/a>\n\t\t\t\t<a href=\"https:\/\/www.trottierfoundation.com\/\" target=\"_blank\" rel=\"noopener\" itemprop=\"url\">\n\t\t\t\t<img decoding=\"async\" src=\"https:\/\/radio100.moeb.ca\/wp-content\/uploads\/2020\/02\/fondation-trottier.jpg\" alt=\"Fondation familiale Trottier\" itemprop=\"image\" height=\"98\" width=\"200\" title=\"fondation-trottier\" onerror=\"this.style.display='none'\"  \/>\n\t\t\t\t<\/a>\n\t\t\t\t<a href=\"http:\/\/www.aqpi.qc.ca\/\" target=\"_blank\" rel=\"noopener\" itemprop=\"url\">\n\t\t\t\t<img decoding=\"async\" src=\"https:\/\/radio100.moeb.ca\/wp-content\/uploads\/2020\/07\/aqpi-2.jpg\" alt=\"aqpi-2\" itemprop=\"image\" height=\"127\" width=\"200\" title=\"aqpi-2\" onerror=\"this.style.display='none'\"  \/>\n\t\t\t\t<\/a>\n\n","protected":false},"excerpt":{"rendered":"<p>The year 2020 marked the 100th anniversary of radio broadcasting in Canada. To celebrate this historic event, the Mus\u00e9e des ondes Emile Berliner and the Soci\u00e9t\u00e9 Qu\u00e9b\u00e9coise des Collectionneurs de Radios Anciens (SQCRA) joined forces and co-organized the Centennial of Broadcasting in Canada.The Centennial took place over a whole year. Between November 2019 and December [&hellip;]<\/p>\n","protected":false},"author":1,"featured_media":0,"parent":0,"menu_order":0,"comment_status":"closed","ping_status":"closed","template":"","meta":{"_acf_changed":false,"_genesis_hide_title":false,"_genesis_hide_breadcrumbs":false,"_genesis_hide_singular_image":false,"_genesis_hide_footer_widgets":false,"_genesis_custom_body_class":"","_genesis_custom_post_class":"","_genesis_layout":"","ngg_post_thumbnail":0,"footnotes":""},"class_list":{"0":"post-225","1":"page","2":"type-page","3":"status-publish","5":"entry"},"acf":[],"yoast_head":"<!-- This site is optimized with the Yoast SEO plugin v27.2 - https:\/\/yoast.com\/product\/yoast-seo-wordpress\/ -->\n<title>Home - Centennial of broadcasting in Canada<\/title>\n<meta name=\"robots\" content=\"index, follow, max-snippet:-1, max-image-preview:large, max-video-preview:-1\" \/>\n<link rel=\"canonical\" href=\"https:\/\/radio100.moeb.ca\/en\/\" \/>\n<meta property=\"og:locale\" content=\"en_US\" \/>\n<meta property=\"og:type\" content=\"article\" \/>\n<meta property=\"og:title\" content=\"Home - Centennial of broadcasting in Canada\" \/>\n<meta property=\"og:description\" content=\"The year 2020 marked the 100th anniversary of radio broadcasting in Canada. To celebrate this historic event, the Mus\u00e9e des ondes Emile Berliner and the Soci\u00e9t\u00e9 Qu\u00e9b\u00e9coise des Collectionneurs de Radios Anciens (SQCRA) joined forces and co-organized the Centennial of Broadcasting in Canada.The Centennial took place over a whole year. Between November 2019 and December [&hellip;]\" \/>\n<meta property=\"og:url\" content=\"https:\/\/radio100.moeb.ca\/en\/\" \/>\n<meta property=\"og:site_name\" content=\"Centennial of broadcasting in Canada\" \/>\n<meta property=\"article:modified_time\" content=\"2021-01-26T21:16:05+00:00\" \/>\n<meta property=\"og:image\" content=\"https:\/\/radio100.moeb.ca\/wp-content\/uploads\/2020\/02\/microphone-accueil.png\" \/>\n<meta name=\"twitter:card\" content=\"summary_large_image\" \/>\n<meta name=\"twitter:label1\" content=\"Est. reading time\" \/>\n\t<meta name=\"twitter:data1\" content=\"2 minutes\" \/>\n<script type=\"application\/ld+json\" class=\"yoast-schema-graph\">{\"@context\":\"https:\/\/schema.org\",\"@graph\":[{\"@type\":\"WebPage\",\"@id\":\"https:\/\/radio100.moeb.ca\/en\/\",\"url\":\"https:\/\/radio100.moeb.ca\/en\/\",\"name\":\"Home - Centennial of broadcasting in Canada\",\"isPartOf\":{\"@id\":\"https:\/\/radio100.moeb.ca\/en\/#website\"},\"primaryImageOfPage\":{\"@id\":\"https:\/\/radio100.moeb.ca\/en\/#primaryimage\"},\"image\":{\"@id\":\"https:\/\/radio100.moeb.ca\/en\/#primaryimage\"},\"thumbnailUrl\":\"https:\/\/radio100.moeb.ca\/wp-content\/uploads\/2020\/02\/microphone-accueil.png\",\"datePublished\":\"2020-01-15T14:23:11+00:00\",\"dateModified\":\"2021-01-26T21:16:05+00:00\",\"breadcrumb\":{\"@id\":\"https:\/\/radio100.moeb.ca\/en\/#breadcrumb\"},\"inLanguage\":\"en-US\",\"potentialAction\":[{\"@type\":\"ReadAction\",\"target\":[\"https:\/\/radio100.moeb.ca\/en\/\"]}]},{\"@type\":\"ImageObject\",\"inLanguage\":\"en-US\",\"@id\":\"https:\/\/radio100.moeb.ca\/en\/#primaryimage\",\"url\":\"https:\/\/radio100.moeb.ca\/wp-content\/uploads\/2020\/02\/microphone-accueil.png\",\"contentUrl\":\"https:\/\/radio100.moeb.ca\/wp-content\/uploads\/2020\/02\/microphone-accueil.png\"},{\"@type\":\"BreadcrumbList\",\"@id\":\"https:\/\/radio100.moeb.ca\/en\/#breadcrumb\",\"itemListElement\":[{\"@type\":\"ListItem\",\"position\":1,\"name\":\"Home\",\"item\":\"https:\/\/radio100.moeb.ca\/en\/\"},{\"@type\":\"ListItem\",\"position\":2,\"name\":\"Home\"}]},{\"@type\":\"WebSite\",\"@id\":\"https:\/\/radio100.moeb.ca\/en\/#website\",\"url\":\"https:\/\/radio100.moeb.ca\/en\/\",\"name\":\"Centennial of broadcasting in Canada\",\"description\":\"\",\"potentialAction\":[{\"@type\":\"SearchAction\",\"target\":{\"@type\":\"EntryPoint\",\"urlTemplate\":\"https:\/\/radio100.moeb.ca\/en\/?s={search_term_string}\"},\"query-input\":{\"@type\":\"PropertyValueSpecification\",\"valueRequired\":true,\"valueName\":\"search_term_string\"}}],\"inLanguage\":\"en-US\"}]}<\/script>\n<!-- \/ Yoast SEO plugin. -->","yoast_head_json":{"title":"Home - Centennial of broadcasting in Canada","robots":{"index":"index","follow":"follow","max-snippet":"max-snippet:-1","max-image-preview":"max-image-preview:large","max-video-preview":"max-video-preview:-1"},"canonical":"https:\/\/radio100.moeb.ca\/en\/","og_locale":"en_US","og_type":"article","og_title":"Home - Centennial of broadcasting in Canada","og_description":"The year 2020 marked the 100th anniversary of radio broadcasting in Canada. To celebrate this historic event, the Mus\u00e9e des ondes Emile Berliner and the Soci\u00e9t\u00e9 Qu\u00e9b\u00e9coise des Collectionneurs de Radios Anciens (SQCRA) joined forces and co-organized the Centennial of Broadcasting in Canada.The Centennial took place over a whole year. Between November 2019 and December [&hellip;]","og_url":"https:\/\/radio100.moeb.ca\/en\/","og_site_name":"Centennial of broadcasting in Canada","article_modified_time":"2021-01-26T21:16:05+00:00","og_image":[{"url":"https:\/\/radio100.moeb.ca\/wp-content\/uploads\/2020\/02\/microphone-accueil.png","type":"","width":"","height":""}],"twitter_card":"summary_large_image","twitter_misc":{"Est. reading time":"2 minutes"},"schema":{"@context":"https:\/\/schema.org","@graph":[{"@type":"WebPage","@id":"https:\/\/radio100.moeb.ca\/en\/","url":"https:\/\/radio100.moeb.ca\/en\/","name":"Home - Centennial of broadcasting in Canada","isPartOf":{"@id":"https:\/\/radio100.moeb.ca\/en\/#website"},"primaryImageOfPage":{"@id":"https:\/\/radio100.moeb.ca\/en\/#primaryimage"},"image":{"@id":"https:\/\/radio100.moeb.ca\/en\/#primaryimage"},"thumbnailUrl":"https:\/\/radio100.moeb.ca\/wp-content\/uploads\/2020\/02\/microphone-accueil.png","datePublished":"2020-01-15T14:23:11+00:00","dateModified":"2021-01-26T21:16:05+00:00","breadcrumb":{"@id":"https:\/\/radio100.moeb.ca\/en\/#breadcrumb"},"inLanguage":"en-US","potentialAction":[{"@type":"ReadAction","target":["https:\/\/radio100.moeb.ca\/en\/"]}]},{"@type":"ImageObject","inLanguage":"en-US","@id":"https:\/\/radio100.moeb.ca\/en\/#primaryimage","url":"https:\/\/radio100.moeb.ca\/wp-content\/uploads\/2020\/02\/microphone-accueil.png","contentUrl":"https:\/\/radio100.moeb.ca\/wp-content\/uploads\/2020\/02\/microphone-accueil.png"},{"@type":"BreadcrumbList","@id":"https:\/\/radio100.moeb.ca\/en\/#breadcrumb","itemListElement":[{"@type":"ListItem","position":1,"name":"Home","item":"https:\/\/radio100.moeb.ca\/en\/"},{"@type":"ListItem","position":2,"name":"Home"}]},{"@type":"WebSite","@id":"https:\/\/radio100.moeb.ca\/en\/#website","url":"https:\/\/radio100.moeb.ca\/en\/","name":"Centennial of broadcasting in Canada","description":"","potentialAction":[{"@type":"SearchAction","target":{"@type":"EntryPoint","urlTemplate":"https:\/\/radio100.moeb.ca\/en\/?s={search_term_string}"},"query-input":{"@type":"PropertyValueSpecification","valueRequired":true,"valueName":"search_term_string"}}],"inLanguage":"en-US"}]}},"wpml_current_locale":"en_US","wpml_translations":[{"locale":"fr_FR","id":223,"post_title":"Accueil","href":"https:\/\/radio100.moeb.ca\/accueil\/","content":"\r\n\r\n\t<img decoding=\"async\" src=\"https:\/\/radio100.moeb.ca\/wp-content\/uploads\/2020\/02\/microphone-accueil.png\" alt=\"Microphone\" width=\"420\" height=\"400\" \/>\r\n<div style=\"width: 640px;\" class=\"wp-video\"><video class=\"wp-video-shortcode\" id=\"video-225-2\" width=\"640\" height=\"360\" preload=\"metadata\" controls=\"controls\"><source type=\"video\/mp4\" src=\"https:\/\/radio100.moeb.ca\/wp-content\/uploads\/2021\/01\/MOEB-VideoFR_V6.2m.mp4?_=2\" \/><a href=\"https:\/\/radio100.moeb.ca\/wp-content\/uploads\/2021\/01\/MOEB-VideoFR_V6.2m.mp4\">https:\/\/radio100.moeb.ca\/wp-content\/uploads\/2021\/01\/MOEB-VideoFR_V6.2m.mp4<\/a><\/video><\/div>\r\n<p>L&#8217;ann\u00e9e 2020 a marqu\u00e9 le 100e anniversaire de la radiodiffusion au Canada. Pour c\u00e9l\u00e9brer cet \u00e9v\u00e9nement historique, le Mus\u00e9e des ondes Emile Berliner et la Soci\u00e9t\u00e9 Qu\u00e9b\u00e9coise des Collectionneurs de Radios Anciens (SQCRA) se sont associ\u00e9s afin d&#8217;organiser le Centenaire de la radiodiffusion au Canada.<\/p>\r\n<p>Le Centenaire s&#8217;est d\u00e9roul\u00e9 sur toute une ann\u00e9e. Entre novembre 2019 et d\u00e9cembre 2020, nous avons pr\u00e9sent\u00e9 des expositions, des conf\u00e9rences, des \u00e9missions de radio ainsi que du contenu web sur l&#8217;histoire de la radiodiffusion canadienne gr\u00e2ce \u00e0 l&#8217;engagement et au soutien financier de nombreux et g\u00e9n\u00e9reux partenaires. Le MOEB s&#8217;est rapidement adapt\u00e9 aux contraintes li\u00e9es \u00e0 la pand\u00e9mie de Covid-19 en r\u00e9am\u00e9nageant l&#8217;horaire de ses activit\u00e9s et en les transposant en ligne. C&#8217;est d&#8217;ailleurs gr\u00e2ce \u00e0 son innovation et aux aspects participatifs et \u00e9ducatifs de ces activit\u00e9s que le Mus\u00e9e des ondes Emile Berliner s&#8217;est m\u00e9rit\u00e9 en novembre 2020 un des <strong><a href=\"https:\/\/www.histoirecanada.ca\/prix\/prix-d-histoire-du-gouverneur-general\" target=\"_blank\" rel=\"noopener\">Prix d&#8217;histoire du Gouverneur g\u00e9n\u00e9ral du Canada<\/a><\/strong>.<\/p>\r\n<p>Nous esp\u00e9rons que ce site vous sera utile comme outil d&#8217;exploration de l&#8217;histoire de la radio. Restez \u00e0 l&#8217;\u00e9coute d&#8217;autres \u00e9v\u00e9nements sont pr\u00e9vus pour 2021 !<\/p>\r\n\t<h3><a href=\"https:\/\/radio100.moeb.ca\/explorez\/\">Explorez<\/a><\/h3>\r\n<p>Continuer d&#8217;en apprendre sur l&#8217;impact de la radiodiffusion au si\u00e8cle dernier gr\u00e2ce \u00e0 des collaborations multim\u00e9dias entre les partenaires du centenaire.<\/p>\r\n\t<h3><a href=\"https:\/\/radio100.moeb.ca\/visitez\/\">Visitez<\/a><\/h3>\r\n<p>Profitez de votre visite de nos expositions virtuelles ou venez en personne pour c\u00e9l\u00e9brer le centenaire de la radiodiffusion au Canada.<\/p>\r\n\t<h3><a href=\"https:\/\/radio100.moeb.ca\/restez-a-lecoute\/\">Restez \u00e0 l&#8217;\u00e9coute<\/a><\/h3>\r\n<p>R\u00e9servez la date! D\u00e9couvrez nos \u00e9v\u00e9nements et expositions \u00e0 venir durant cette c\u00e9l\u00e9bration.\u00a0<\/p>\r\n\t<h2>Partenaires<\/h2>\r\n\t\t\t\t<img decoding=\"async\" src=\"https:\/\/radio100.moeb.ca\/wp-content\/uploads\/2020\/03\/Logo-MOEB.png\" alt=\"MOEB logo\" itemprop=\"image\" height=\"644\" width=\"1188\" title=\"Logo MOEB\" onerror=\"this.style.display='none'\"  \/>\r\n\t<p>Ouvert au public depuis 1996, le Mus\u00e9e des ondes Emile Berliner se consacre \u00e0 t\u00e9moigner du r\u00f4le de Montr\u00e9al dans l&#8217;histoire de la cr\u00e9ation, de la captation et de la diffusion des ondes sonores. Le MOEB est la seule institution canadienne qui a pour mission la conservation de la technologie sonore. Par le biais de sa collection, le mus\u00e9e fait conna\u00eetre le patrimoine industriel de Saint-Henri et l&#8217;impact de l&#8217;innovation canadienne sur le d\u00e9veloppement dans le domaine des m\u00e9dias et des t\u00e9l\u00e9communications.<\/p>\r\n\t<p>La Soci\u00e9t\u00e9 qu\u00e9b\u00e9coise des collectionneurs de radios anciens (SQCRA) a \u00e9t\u00e9 fond\u00e9e en 1995. Elle a pour mission la pr\u00e9servation de l&#8217;histoire de la radio, de ses techniques de fabrication ainsi que la restauration des appareils. La SQCRA est un organisme sans but lucratif qui est anim\u00e9 par des b\u00e9n\u00e9voles qui voient notamment \u00e0 la publication de la revue Radiophilie, \u00e0 l&#8217;organisation d&#8217;ateliers ainsi qu&#8217;\u00e0 la mise \u00e0 jour du site web et de la page Facebook. La soci\u00e9t\u00e9 favorise l&#8217;entraide afin d&#8217;aider les membres \u00e0 restaurer les radios de leur patrimoine.<\/p>\r\n\t\t\t\t<img decoding=\"async\" src=\"https:\/\/radio100.moeb.ca\/wp-content\/uploads\/2020\/03\/SQCRA_LOGO-Couleur-8x8-1.jpg\" alt=\"SQCRA_LOGO Couleur 8x8\" itemprop=\"image\" height=\"768\" width=\"768\" title=\"SQCRA_LOGO Couleur 8x8\" onerror=\"this.style.display='none'\"  \/>\r\n\t\t\t\t<a href=\"https:\/\/www.canada.ca\/fr.html\" target=\"_blank\" rel=\"noopener\" itemprop=\"url\">\r\n\t\t\t\t<img decoding=\"async\" src=\"https:\/\/radio100.moeb.ca\/wp-content\/uploads\/2019\/11\/logo-canada-1.jpg\" alt=\"logo-canada\" itemprop=\"image\" height=\"98\" width=\"151\" title=\"logo-canada\" onerror=\"this.style.display='none'\"  \/>\r\n\t\t\t\t<\/a>\r\n\t\t\t\t<a href=\"https:\/\/montreal.ca\/\" target=\"_blank\" rel=\"noopener\" itemprop=\"url\">\r\n\t\t\t\t<img decoding=\"async\" src=\"https:\/\/radio100.moeb.ca\/wp-content\/uploads\/2019\/11\/logo-montreal.jpg\" alt=\"logo-montreal\" itemprop=\"image\" height=\"98\" width=\"209\" title=\"logo-montreal\" onerror=\"this.style.display='none'\"  \/>\r\n\t\t\t\t<\/a>\r\n\t\t\t\t<a href=\"https:\/\/montreal.ca\/le-sud-ouest\" target=\"_blank\" rel=\"noopener\" itemprop=\"url\">\r\n\t\t\t\t<img decoding=\"async\" src=\"https:\/\/radio100.moeb.ca\/wp-content\/uploads\/2019\/11\/logo-so-montreal-1.jpg\" alt=\"logo-so-montreal\" itemprop=\"image\" height=\"98\" width=\"205\" title=\"logo-so-montreal\" onerror=\"this.style.display='none'\"  \/>\r\n\t\t\t\t<\/a>\r\n\t\t\t\t<a href=\"https:\/\/www.polymtl.ca\/\" target=\"_blank\" rel=\"noopener\" itemprop=\"url\">\r\n\t\t\t\t<img decoding=\"async\" src=\"https:\/\/radio100.moeb.ca\/wp-content\/uploads\/2019\/11\/logo-polytechnique.jpg\" alt=\"logo-polytechnique\" itemprop=\"image\" height=\"106\" width=\"219\" title=\"logo-polytechnique\" onerror=\"this.style.display='none'\"  \/>\r\n\t\t\t\t<\/a>\r\n\t\t\t\t<a href=\"https:\/\/www.etsmtl.ca\/\" target=\"_blank\" rel=\"noopener\" itemprop=\"url\">\r\n\t\t\t\t<img decoding=\"async\" src=\"https:\/\/radio100.moeb.ca\/wp-content\/uploads\/2019\/11\/logo-ets.jpg\" alt=\"logo-ets\" itemprop=\"image\" height=\"106\" width=\"125\" title=\"logo-ets\" onerror=\"this.style.display='none'\"  \/>\r\n\t\t\t\t<\/a>\r\n\t\t\t\t<a href=\"https:\/\/ville.montreal.qc.ca\/memoiresdesmontrealais\/node\/696\" target=\"_blank\" rel=\"noopener\" itemprop=\"url\">\r\n\t\t\t\t<img decoding=\"async\" src=\"https:\/\/radio100.moeb.ca\/wp-content\/uploads\/2019\/11\/logo-chm.jpg\" alt=\"logo-chm\" itemprop=\"image\" height=\"106\" width=\"121\" title=\"logo-chm\" onerror=\"this.style.display='none'\"  \/>\r\n\t\t\t\t<\/a>\r\n\t\t\t\t<a href=\"https:\/\/www.alliedreit.com\/fr\/\" target=\"_blank\" rel=\"noopener\" itemprop=\"url\">\r\n\t\t\t\t<img decoding=\"async\" src=\"https:\/\/radio100.moeb.ca\/wp-content\/uploads\/2019\/11\/logo-allied-1.jpg\" alt=\"logo-allied\" itemprop=\"image\" height=\"98\" width=\"187\" title=\"logo-allied\" onerror=\"this.style.display='none'\"  \/>\r\n\t\t\t\t<\/a>\r\n\t\t\t\t<a href=\"https:\/\/www.desjardins.com\/\" target=\"_blank\" rel=\"noopener\" itemprop=\"url\">\r\n\t\t\t\t<img decoding=\"async\" src=\"https:\/\/radio100.moeb.ca\/wp-content\/uploads\/2019\/11\/logo-desjardins-1-300x88.jpg\" alt=\"logo-desjardins\" itemprop=\"image\" height=\"88\" width=\"300\" title=\"logo-desjardins\" onerror=\"this.style.display='none'\"  \/>\r\n\t\t\t\t<\/a>\r\n\t\t\t\t<a href=\"https:\/\/www.trottierfoundation.com\/\" target=\"_blank\" rel=\"noopener\" itemprop=\"url\">\r\n\t\t\t\t<img decoding=\"async\" src=\"https:\/\/radio100.moeb.ca\/wp-content\/uploads\/2020\/02\/fondation-trottier.jpg\" alt=\"Fondation familiale Trottier\" itemprop=\"image\" height=\"98\" width=\"200\" title=\"fondation-trottier\" onerror=\"this.style.display='none'\"  \/>\r\n\t\t\t\t<\/a>\r\n\t\t\t\t<a href=\"http:\/\/www.aqpi.qc.ca\/\" target=\"_blank\" rel=\"noopener\" itemprop=\"url\">\r\n\t\t\t\t<img decoding=\"async\" src=\"https:\/\/radio100.moeb.ca\/wp-content\/uploads\/2020\/07\/aqpi-2.jpg\" alt=\"aqpi-2\" itemprop=\"image\" height=\"127\" width=\"200\" title=\"aqpi-2\" onerror=\"this.style.display='none'\"  \/>\r\n\t\t\t\t<\/a>\r\n\r\n","excerpt":"L&#8217;ann\u00e9e 2020 a marqu\u00e9 le 100e anniversaire de la radiodiffusion au Canada. Pour c\u00e9l\u00e9brer cet \u00e9v\u00e9nement historique, le Mus\u00e9e des ondes Emile Berliner et la Soci\u00e9t\u00e9 Qu\u00e9b\u00e9coise des Collectionneurs de Radios Anciens (SQCRA) se sont associ\u00e9s afin d&#8217;organiser le Centenaire de la radiodiffusion au Canada. Le Centenaire s&#8217;est d\u00e9roul\u00e9 sur toute une ann\u00e9e. Entre novembre [&hellip;]","acf":false}],"_links":{"self":[{"href":"https:\/\/radio100.moeb.ca\/en\/wp-json\/wp\/v2\/pages\/225","targetHints":{"allow":["GET"]}}],"collection":[{"href":"https:\/\/radio100.moeb.ca\/en\/wp-json\/wp\/v2\/pages"}],"about":[{"href":"https:\/\/radio100.moeb.ca\/en\/wp-json\/wp\/v2\/types\/page"}],"author":[{"embeddable":true,"href":"https:\/\/radio100.moeb.ca\/en\/wp-json\/wp\/v2\/users\/1"}],"replies":[{"embeddable":true,"href":"https:\/\/radio100.moeb.ca\/en\/wp-json\/wp\/v2\/comments?post=225"}],"version-history":[{"count":0,"href":"https:\/\/radio100.moeb.ca\/en\/wp-json\/wp\/v2\/pages\/225\/revisions"}],"wp:attachment":[{"href":"https:\/\/radio100.moeb.ca\/en\/wp-json\/wp\/v2\/media?parent=225"}],"curies":[{"name":"wp","href":"https:\/\/api.w.org\/{rel}","templated":true}]}}