{"id":1135,"date":"2020-04-07T16:03:03","date_gmt":"2020-04-07T20:03:03","guid":{"rendered":"https:\/\/radio100.moeb.ca\/visit\/"},"modified":"2024-04-25T13:58:28","modified_gmt":"2024-04-25T17:58:28","slug":"visit","status":"publish","type":"page","link":"https:\/\/radio100.moeb.ca\/en\/visit\/","title":{"rendered":"Visit"},"content":{"rendered":"\n\n\t<h3><a href=\"https:\/\/radio100.moeb.ca\/en\/pioneers-of-broadcasting-in-montreal\/\">Pioneers of Broadcasting in Montreal<\/a><\/h3>\nRelease date: December 4, 2020\nLocation: Virtual\n<p>&nbsp;<\/p>\nThis exhibition presents the pioneers of broadcasting and the first manufacturers of radio receivers in the Montreal region. It also features a typical week of radio programming from 1924 and how to build your own radio receiver.\n\t\t\t\t<a href=\"https:\/\/radio100.moeb.ca\/en\/pioneers-of-broadcasting-in-montreal\/\" target=\"_self\" itemprop=\"url\" rel=\"noopener\">\n\t\t\t\t<img decoding=\"async\" src=\"https:\/\/radio100.moeb.ca\/wp-content\/uploads\/2020\/12\/pioneers_cover-v3-1.png\" alt=\"pioneers_cover-v3\" itemprop=\"image\" height=\"1080\" width=\"1080\" title=\"pioneers_cover-v3\" onerror=\"this.style.display='none'\"  \/>\n\t\t\t\t<\/a>\n\t<h3><a href=\"https:\/\/www.communitystories.ca\/v2\/radio-chez-nous-canada_radio-at-home\/\" target=\"_blank\" rel=\"noopener\">Radio at Home in Canada<\/a><\/h3>\nRelease date: February 26 2024<br \/>\nLocation: Virtual\n<p>Life at home in Canada was quiet and isolated before broadcast radio. Sounds emanating from radio sets brought worlds together and connected people in new ways. As families welcomed radio into their homes, it changed our nation. Explore radio history from the awkward device picking up morse code signals to the sophisticated radio programs we enjoy today.<\/p>\n\t\t\t\t<a href=\"https:\/\/www.communitystories.ca\/v2\/radio-chez-nous-canada_radio-at-home\/\" target=\"_blank\" rel=\"noopener\" itemprop=\"url\">\n\t\t\t\t<img decoding=\"async\" src=\"https:\/\/radio100.moeb.ca\/wp-content\/uploads\/2024\/04\/radio-home-canada.jpg\" alt=\"Radio at home in Canada\" itemprop=\"image\" height=\"613\" width=\"734\" title=\"radio-home-canada\" onerror=\"this.style.display='none'\"  \/>\n\t\t\t\t<\/a>\n<h3><a href=\"https:\/\/radio100.moeb.ca\/en\/radio-broadcasting-100-years-of-history-and-technology\/\">Radio broadcasting: 100 years of history and technology<\/a><\/h3>\n<p><a href=\"https:\/\/radio100.moeb.ca\/en\/radio-broadcasting-100-years-of-history-and-technology\/\"><img decoding=\"async\" src=\"https:\/\/radio100.moeb.ca\/wp-content\/uploads\/2020\/07\/poly_visitez_cover-1024x1024.jpg\" alt=\"\" width=\"1024\" height=\"1024\" \/><\/a><\/p>\nDate: November 10, 2019 to November 16, 2019\nLocation: Pavillon Pierre Lassonde, Polytechnique Montr\u00e9al\nSpecial exhibition bringing together period radios. Organized by Polytechnique Montr\u00e9al.\n<h3><a href=\"https:\/\/radio100.moeb.ca\/en\/100-years-of-radio-broadcasting-in-montreal\/\">100 years of radio broadcasting in Montreal<\/a><\/h3>\n<p><a href=\"https:\/\/radio100.moeb.ca\/en\/100-years-of-radio-broadcasting-in-montreal\/\"><img decoding=\"async\" src=\"https:\/\/radio100.moeb.ca\/wp-content\/uploads\/2020\/07\/moeb_visitez_cover-1024x1024.jpg\" alt=\"\" width=\"1024\" height=\"1024\" \/><\/a><\/p>\nStarting date: February 27, 2020\nThis exhibition celebrates the centennial of radio broadcasting by featuring the technological development and social impact of radio history in Canada.\n<h3><a href=\"https:\/\/radio100.moeb.ca\/en\/radio-and-performing-arts\/\">Radio and the performing arts<\/a><\/h3>\n<p><a href=\"https:\/\/radio100.moeb.ca\/en\/radio-and-performing-arts\/\"><img decoding=\"async\" src=\"https:\/\/radio100.moeb.ca\/wp-content\/uploads\/2020\/07\/performing_visitez_cover-1024x1024.jpg\" alt=\"\" width=\"1024\" height=\"1024\" \/><\/a><\/p>\nLocation: Virtual\nThis exhibition illustrates how radio, since its beginnings, has allowed music and theater to enter our homes.\n\n","protected":false},"excerpt":{"rendered":"<p>Pioneers of Broadcasting in Montreal Release date: December 4, 2020 Location: Virtual &nbsp; This exhibition presents the pioneers of broadcasting and the first manufacturers of radio receivers in the Montreal region. It also features a typical week of radio programming from 1924 and how to build your own radio receiver. Radio at Home in Canada [&hellip;]<\/p>\n","protected":false},"author":1,"featured_media":0,"parent":0,"menu_order":0,"comment_status":"closed","ping_status":"closed","template":"","meta":{"_acf_changed":false,"_genesis_hide_title":false,"_genesis_hide_breadcrumbs":false,"_genesis_hide_singular_image":false,"_genesis_hide_footer_widgets":false,"_genesis_custom_body_class":"","_genesis_custom_post_class":"","_genesis_layout":"","ngg_post_thumbnail":0,"footnotes":""},"class_list":{"0":"post-1135","1":"page","2":"type-page","3":"status-publish","5":"entry"},"acf":[],"yoast_head":"<!-- This site is optimized with the Yoast SEO plugin v27.2 - https:\/\/yoast.com\/product\/yoast-seo-wordpress\/ -->\n<title>Visit - Centennial of broadcasting in Canada<\/title>\n<meta name=\"robots\" content=\"index, follow, max-snippet:-1, max-image-preview:large, max-video-preview:-1\" \/>\n<link rel=\"canonical\" href=\"https:\/\/radio100.moeb.ca\/en\/visit\/\" \/>\n<meta property=\"og:locale\" content=\"en_US\" \/>\n<meta property=\"og:type\" content=\"article\" \/>\n<meta property=\"og:title\" content=\"Visit - Centennial of broadcasting in Canada\" \/>\n<meta property=\"og:description\" content=\"Pioneers of Broadcasting in Montreal Release date: December 4, 2020 Location: Virtual &nbsp; This exhibition presents the pioneers of broadcasting and the first manufacturers of radio receivers in the Montreal region. It also features a typical week of radio programming from 1924 and how to build your own radio receiver. Radio at Home in Canada [&hellip;]\" \/>\n<meta property=\"og:url\" content=\"https:\/\/radio100.moeb.ca\/en\/visit\/\" \/>\n<meta property=\"og:site_name\" content=\"Centennial of broadcasting in Canada\" \/>\n<meta property=\"article:modified_time\" content=\"2024-04-25T17:58:28+00:00\" \/>\n<meta property=\"og:image\" content=\"https:\/\/radio100.moeb.ca\/wp-content\/uploads\/2020\/12\/pioneers_cover-v3-1.png\" \/>\n<meta name=\"twitter:card\" content=\"summary_large_image\" \/>\n<meta name=\"twitter:label1\" content=\"Est. reading time\" \/>\n\t<meta name=\"twitter:data1\" content=\"1 minute\" \/>\n<script type=\"application\/ld+json\" class=\"yoast-schema-graph\">{\"@context\":\"https:\/\/schema.org\",\"@graph\":[{\"@type\":\"WebPage\",\"@id\":\"https:\/\/radio100.moeb.ca\/en\/visit\/\",\"url\":\"https:\/\/radio100.moeb.ca\/en\/visit\/\",\"name\":\"Visit - Centennial of broadcasting in Canada\",\"isPartOf\":{\"@id\":\"https:\/\/radio100.moeb.ca\/en\/#website\"},\"primaryImageOfPage\":{\"@id\":\"https:\/\/radio100.moeb.ca\/en\/visit\/#primaryimage\"},\"image\":{\"@id\":\"https:\/\/radio100.moeb.ca\/en\/visit\/#primaryimage\"},\"thumbnailUrl\":\"https:\/\/radio100.moeb.ca\/wp-content\/uploads\/2020\/12\/pioneers_cover-v3-1.png\",\"datePublished\":\"2020-04-07T20:03:03+00:00\",\"dateModified\":\"2024-04-25T17:58:28+00:00\",\"breadcrumb\":{\"@id\":\"https:\/\/radio100.moeb.ca\/en\/visit\/#breadcrumb\"},\"inLanguage\":\"en-US\",\"potentialAction\":[{\"@type\":\"ReadAction\",\"target\":[\"https:\/\/radio100.moeb.ca\/en\/visit\/\"]}]},{\"@type\":\"ImageObject\",\"inLanguage\":\"en-US\",\"@id\":\"https:\/\/radio100.moeb.ca\/en\/visit\/#primaryimage\",\"url\":\"https:\/\/radio100.moeb.ca\/wp-content\/uploads\/2020\/12\/pioneers_cover-v3-1.png\",\"contentUrl\":\"https:\/\/radio100.moeb.ca\/wp-content\/uploads\/2020\/12\/pioneers_cover-v3-1.png\"},{\"@type\":\"BreadcrumbList\",\"@id\":\"https:\/\/radio100.moeb.ca\/en\/visit\/#breadcrumb\",\"itemListElement\":[{\"@type\":\"ListItem\",\"position\":1,\"name\":\"Home\",\"item\":\"https:\/\/radio100.moeb.ca\/en\/\"},{\"@type\":\"ListItem\",\"position\":2,\"name\":\"Visit\"}]},{\"@type\":\"WebSite\",\"@id\":\"https:\/\/radio100.moeb.ca\/en\/#website\",\"url\":\"https:\/\/radio100.moeb.ca\/en\/\",\"name\":\"Centennial of broadcasting in Canada\",\"description\":\"\",\"potentialAction\":[{\"@type\":\"SearchAction\",\"target\":{\"@type\":\"EntryPoint\",\"urlTemplate\":\"https:\/\/radio100.moeb.ca\/en\/?s={search_term_string}\"},\"query-input\":{\"@type\":\"PropertyValueSpecification\",\"valueRequired\":true,\"valueName\":\"search_term_string\"}}],\"inLanguage\":\"en-US\"}]}<\/script>\n<!-- \/ Yoast SEO plugin. -->","yoast_head_json":{"title":"Visit - Centennial of broadcasting in Canada","robots":{"index":"index","follow":"follow","max-snippet":"max-snippet:-1","max-image-preview":"max-image-preview:large","max-video-preview":"max-video-preview:-1"},"canonical":"https:\/\/radio100.moeb.ca\/en\/visit\/","og_locale":"en_US","og_type":"article","og_title":"Visit - Centennial of broadcasting in Canada","og_description":"Pioneers of Broadcasting in Montreal Release date: December 4, 2020 Location: Virtual &nbsp; This exhibition presents the pioneers of broadcasting and the first manufacturers of radio receivers in the Montreal region. It also features a typical week of radio programming from 1924 and how to build your own radio receiver. Radio at Home in Canada [&hellip;]","og_url":"https:\/\/radio100.moeb.ca\/en\/visit\/","og_site_name":"Centennial of broadcasting in Canada","article_modified_time":"2024-04-25T17:58:28+00:00","og_image":[{"url":"https:\/\/radio100.moeb.ca\/wp-content\/uploads\/2020\/12\/pioneers_cover-v3-1.png","type":"","width":"","height":""}],"twitter_card":"summary_large_image","twitter_misc":{"Est. reading time":"1 minute"},"schema":{"@context":"https:\/\/schema.org","@graph":[{"@type":"WebPage","@id":"https:\/\/radio100.moeb.ca\/en\/visit\/","url":"https:\/\/radio100.moeb.ca\/en\/visit\/","name":"Visit - Centennial of broadcasting in Canada","isPartOf":{"@id":"https:\/\/radio100.moeb.ca\/en\/#website"},"primaryImageOfPage":{"@id":"https:\/\/radio100.moeb.ca\/en\/visit\/#primaryimage"},"image":{"@id":"https:\/\/radio100.moeb.ca\/en\/visit\/#primaryimage"},"thumbnailUrl":"https:\/\/radio100.moeb.ca\/wp-content\/uploads\/2020\/12\/pioneers_cover-v3-1.png","datePublished":"2020-04-07T20:03:03+00:00","dateModified":"2024-04-25T17:58:28+00:00","breadcrumb":{"@id":"https:\/\/radio100.moeb.ca\/en\/visit\/#breadcrumb"},"inLanguage":"en-US","potentialAction":[{"@type":"ReadAction","target":["https:\/\/radio100.moeb.ca\/en\/visit\/"]}]},{"@type":"ImageObject","inLanguage":"en-US","@id":"https:\/\/radio100.moeb.ca\/en\/visit\/#primaryimage","url":"https:\/\/radio100.moeb.ca\/wp-content\/uploads\/2020\/12\/pioneers_cover-v3-1.png","contentUrl":"https:\/\/radio100.moeb.ca\/wp-content\/uploads\/2020\/12\/pioneers_cover-v3-1.png"},{"@type":"BreadcrumbList","@id":"https:\/\/radio100.moeb.ca\/en\/visit\/#breadcrumb","itemListElement":[{"@type":"ListItem","position":1,"name":"Home","item":"https:\/\/radio100.moeb.ca\/en\/"},{"@type":"ListItem","position":2,"name":"Visit"}]},{"@type":"WebSite","@id":"https:\/\/radio100.moeb.ca\/en\/#website","url":"https:\/\/radio100.moeb.ca\/en\/","name":"Centennial of broadcasting in Canada","description":"","potentialAction":[{"@type":"SearchAction","target":{"@type":"EntryPoint","urlTemplate":"https:\/\/radio100.moeb.ca\/en\/?s={search_term_string}"},"query-input":{"@type":"PropertyValueSpecification","valueRequired":true,"valueName":"search_term_string"}}],"inLanguage":"en-US"}]}},"wpml_current_locale":"en_US","wpml_translations":[{"locale":"fr_FR","id":1133,"post_title":"Visitez","href":"https:\/\/radio100.moeb.ca\/visitez\/","content":"\n\n\t<h3><a href=\"https:\/\/radio100.moeb.ca\/les-pionniers-et-les-fabricants-a-montreal\/\">Les pionniers et les fabricants \u00e0 Montr\u00e9al<\/a><\/h3>\nDate de d\u00e9but : 04 d\u00e9cembre 2020\nLieu : Virtuel\n<p>&nbsp;<\/p>\nCette nouvelle exposition pr\u00e9sente les pionniers de la radiodiffusion ainsi que les premiers fabricants de r\u00e9cepteurs de la r\u00e9gion de Montr\u00e9al. Elle pr\u00e9sente \u00e9galement une programmation hebdomadaire typique de 1924 et comment vous pouvez construire votre propre r\u00e9cepteur.\n\t\t\t\t<a href=\"https:\/\/radio100.moeb.ca\/les-pionniers-et-les-fabricants-a-montreal\/\" target=\"_self\" itemprop=\"url\" rel=\"noopener\">\n\t\t\t\t<img decoding=\"async\" src=\"https:\/\/radio100.moeb.ca\/wp-content\/uploads\/2020\/12\/pioneers_cover-v3-1.png\" alt=\"pioneers_cover-v3\" itemprop=\"image\" height=\"1080\" width=\"1080\" title=\"pioneers_cover-v3\" onerror=\"this.style.display='none'\"  \/>\n\t\t\t\t<\/a>\n\t<h3><a href=\"https:\/\/www.histoiresdecheznous.ca\/v2\/radio-chez-nous-canada_radio-at-home\/\" target=\"_blank\" rel=\"noopener\">Radio chez nous au Canada<\/a><\/h3>\nDate de d\u00e9but : 26 f\u00e9vrier 2024<br \/>\nLieu : Virtuel\n<p>Les familles canadiennes vivaient de fa\u00e7on bien silencieuse et isol\u00e9e avant l&#8217;arriv\u00e9e de la radiodiffusion. Les sons qui \u00e9manaient des postes de radio ont r\u00e9uni des mondes et ont rapproch\u00e9 les gens d&#8217;une nouvelle fa\u00e7on. L&#8217;arriv\u00e9e de la radio dans les foyers a chang\u00e9 la nation. D\u00e9couvrez l&#8217;histoire de la radio, de l&#8217;appareil peu commode qui captait les signaux du code Morse aux \u00e9missions de radio avant-gardistes qui font notre joie aujourd&#8217;hui.<\/p>\n\t\t\t\t<a href=\"https:\/\/www.histoiresdecheznous.ca\/v2\/radio-chez-nous-canada_radio-at-home\/\" target=\"_blank\" rel=\"noopener\" itemprop=\"url\">\n\t\t\t\t<img decoding=\"async\" src=\"https:\/\/radio100.moeb.ca\/wp-content\/uploads\/2024\/04\/radio-chez-nous-canada.jpg\" alt=\"La radio chez-nous au Canada (photo)\" itemprop=\"image\" height=\"613\" width=\"734\" title=\"radio-chez-nous-canada\" onerror=\"this.style.display='none'\"  \/>\n\t\t\t\t<\/a>\n<h3><a href=\"https:\/\/radio100.moeb.ca\/la-radiodiffusion-100-ans-dhistoire-et-de-technologies\/\">La radiodiffusion: 100 ans d&#8217;histoire et de technologies<\/a><\/h3>\n<p><a href=\"https:\/\/radio100.moeb.ca\/la-radiodiffusion-100-ans-dhistoire-et-de-technologies\/\"><img decoding=\"async\" src=\"https:\/\/radio100.moeb.ca\/wp-content\/uploads\/2020\/07\/poly_visitez_cover-1024x1024.jpg\" alt=\"\" width=\"1024\" height=\"1024\" \/><\/a><\/p>\nDate : 10 novembre 2019 au 16 novembre 2019\nLieu : Pavillon Pierre Lassonde, Polytechnique Montr\u00e9al\nExposition sp\u00e9ciale rassemblant de radios d&#8217;\u00e9poque. Organis\u00e9e par Polytechnique Montr\u00e9al.\n<h3><a href=\"https:\/\/radio100.moeb.ca\/100-ans-de-radiodiffusion-a-montreal\/\">100 ans de radiodiffusion \u00e0 Montr\u00e9al<\/a><\/h3>\n<p><a href=\"https:\/\/radio100.moeb.ca\/100-ans-de-radiodiffusion-a-montreal\/\"><img decoding=\"async\" src=\"https:\/\/radio100.moeb.ca\/wp-content\/uploads\/2020\/07\/moeb_visitez_cover-1024x1024.jpg\" alt=\"\" width=\"1024\" height=\"1024\" \/><\/a><\/p>\nDate de d\u00e9but : 27 f\u00e9vrier 2020\nCette exposition c\u00e9l\u00e8bre le centenaire de la radiodiffusion en mettant en vedette le d\u00e9veloppement technologique et l&#8217;impact social de l&#8217;histoire de la radio au Canada.\n<h3><a href=\"https:\/\/radio100.moeb.ca\/arts-de-la-scene\/\">Radio et les arts de la sc\u00e8ne<\/a><\/h3>\n<p><a href=\"https:\/\/radio100.moeb.ca\/arts-de-la-scene\/\"><img decoding=\"async\" src=\"https:\/\/radio100.moeb.ca\/wp-content\/uploads\/2020\/07\/performing_visitez_cover-1024x1024.jpg\" alt=\"\" width=\"1024\" height=\"1024\" \/><\/a><\/p>\nLieu : Virtuel\nCette exposition illustre comment la radio a permis \u00e0 la musique, le chant et le th\u00e9\u00e2tre de faire leur entr\u00e9e dans tous les foyers.\n\n","excerpt":"Les pionniers et les fabricants \u00e0 Montr\u00e9al Date de d\u00e9but : 04 d\u00e9cembre 2020 Lieu : Virtuel &nbsp; Cette nouvelle exposition pr\u00e9sente les pionniers de la radiodiffusion ainsi que les premiers fabricants de r\u00e9cepteurs de la r\u00e9gion de Montr\u00e9al. Elle pr\u00e9sente \u00e9galement une programmation hebdomadaire typique de 1924 et comment vous pouvez construire votre propre [&hellip;]","acf":false}],"_links":{"self":[{"href":"https:\/\/radio100.moeb.ca\/en\/wp-json\/wp\/v2\/pages\/1135","targetHints":{"allow":["GET"]}}],"collection":[{"href":"https:\/\/radio100.moeb.ca\/en\/wp-json\/wp\/v2\/pages"}],"about":[{"href":"https:\/\/radio100.moeb.ca\/en\/wp-json\/wp\/v2\/types\/page"}],"author":[{"embeddable":true,"href":"https:\/\/radio100.moeb.ca\/en\/wp-json\/wp\/v2\/users\/1"}],"replies":[{"embeddable":true,"href":"https:\/\/radio100.moeb.ca\/en\/wp-json\/wp\/v2\/comments?post=1135"}],"version-history":[{"count":0,"href":"https:\/\/radio100.moeb.ca\/en\/wp-json\/wp\/v2\/pages\/1135\/revisions"}],"wp:attachment":[{"href":"https:\/\/radio100.moeb.ca\/en\/wp-json\/wp\/v2\/media?parent=1135"}],"curies":[{"name":"wp","href":"https:\/\/api.w.org\/{rel}","templated":true}]}}